{"id":2719,"date":"2025-06-13T10:15:56","date_gmt":"2025-06-13T07:15:56","guid":{"rendered":"https:\/\/www.drmuratdemirel.com\/?page_id=2719"},"modified":"2025-12-05T16:00:05","modified_gmt":"2025-12-05T13:00:05","slug":"schulterbehandlungen","status":"publish","type":"page","link":"https:\/\/www.drmuratdemirel.com\/de\/schulterbehandlungen\/","title":{"rendered":"Schulterbehandlungen"},"content":{"rendered":"\n\t<section class=\"section\" id=\"section_45144638\">\n\t\t<div class=\"section-bg fill\" >\n\t\t\t\t\t\t\t\t\t\n\t\t\t\n\n\t\t<\/div>\n\n\t\t\n\n\t\t<div class=\"section-content relative\">\n\t\t\t\n  <div id=\"page-header-1178708962\" class=\"page-header-wrapper\">\n  <div class=\"page-title dark simple-title\">\n\n    \n    <div class=\"page-title-inner container align-center flex-row medium-flex-wrap\" >\n              <div class=\"title-wrapper flex-col text-left medium-text-center\">\n          <h1 class=\"entry-title mb-0\">\n            Schulterbehandlungen          <\/h1>\n        <\/div>\n                    <div class=\"title-content flex-col flex-right text-right medium-text-center\">\n        <div class=\"title-breadcrumbs pb-half pt-half\"><\/div>      <\/div>\n    <\/div>\n\n       <\/div>\n    <\/div>\n  \n\t\t<\/div>\n\n\t\t\n<style>\n#section_45144638 {\n  padding-top: 30px;\n  padding-bottom: 30px;\n  background-color: #285ebe;\n}\n<\/style>\n\t<\/section>\n\t\n\n\t<section class=\"section\" id=\"section_251927338\">\n\t\t<div class=\"section-bg fill\" >\n\t\t\t\t\t\t\t\t\t\n\t\t\t\n\n\t\t<\/div>\n\n\t\t\n\n\t\t<div class=\"section-content relative\">\n\t\t\t\n<div class=\"row\"  id=\"row-1832773402\">\n\n\t<div id=\"col-1316417825\" class=\"col small-12 large-12\"  >\n\t\t\t\t<div class=\"col-inner\"  >\n\t\t\t\n\t\t\t\n<p>Schultererkrankungen und -schmerzen entstehen durch Verletzungen oder degenerative Prozesse, die die Gelenkstrukturen, Muskeln und Sehnen betreffen. Zu den h\u00e4ufigsten Ursachen geh\u00f6ren Risse der Rotatorenmanschette, das Schulterimpingement-Syndrom und Arthrose. Schmerzen und eine eingeschr\u00e4nkte Beweglichkeit sind die wichtigsten Symptome.<\/p>\n<p>Zu den Ursachen von Schulterschmerzen z\u00e4hlen \u00dcberlastung durch wiederholte Belastung, Traumata, rheumatische Erkrankungen und altersbedingter Knorpelverschlei\u00df. Diese Zust\u00e4nde beeintr\u00e4chtigen die allt\u00e4glichen Aktivit\u00e4ten, insbesondere das Anheben des Arms und das Tragen von Lasten. Eine fr\u00fchzeitige Behandlung verbessert die Therapieergebnisse.<\/p>\n<p>Die Diagnose von Schultererkrankungen umfasst die k\u00f6rperliche Untersuchung sowie Ultraschall, Magnetresonanztomographie (MRT) und R\u00f6ntgen. Mit diesen Methoden k\u00f6nnen Sehnen-, Muskel- und Gelenkstrukturen detailliert beurteilt werden. Eine pr\u00e4zise Diagnose gew\u00e4hrleistet die Auswahl einer geeigneten Behandlung entsprechend dem Krankheitsstadium.<\/p>\n<p>Die Behandlung von Schulterschmerzen umfasst Schonung, medikament\u00f6se Therapie, physiotherapeutische Ma\u00dfnahmen, Injektionen und operative Verfahren. W\u00e4hrend bei leichten F\u00e4llen konservative Ans\u00e4tze bevorzugt werden, kann bei ausgepr\u00e4gten Sehnenrissen oder erheblichen Gelenksch\u00e4den eine arthroskopische Operation durchgef\u00fchrt werden.<\/p>\n\n  \n    <div class=\"row large-columns-3 medium-columns- small-columns-2\" >\n  <div class=\"page-col col\" >\n          <div class=\"col-inner\" >\n          <a class=\"block plain\" href=\"https:\/\/www.drmuratdemirel.com\/de\/schulterbehandlungen\/inverse-schulterendoprothese\/\" title=\"Inverse Schulterendoprothese\" target=\"\">\n            <div class=\"page-box box has-hover\">\n                  <div class=\"box-image\" >\n                      <div class=\"box-image\" >\n                      <img decoding=\"async\" width=\"1600\" height=\"900\" src=\"https:\/\/www.drmuratdemirel.com\/wp-content\/uploads\/2025\/07\/Ters-Omuz-Protezi.jpg\" class=\"attachment-2048x2048 size-2048x2048\" alt=\"\" srcset=\"https:\/\/www.drmuratdemirel.com\/wp-content\/uploads\/2025\/07\/Ters-Omuz-Protezi.jpg 1600w, https:\/\/www.drmuratdemirel.com\/wp-content\/uploads\/2025\/07\/Ters-Omuz-Protezi-711x400.jpg 711w, https:\/\/www.drmuratdemirel.com\/wp-content\/uploads\/2025\/07\/Ters-Omuz-Protezi-1400x788.jpg 1400w, https:\/\/www.drmuratdemirel.com\/wp-content\/uploads\/2025\/07\/Ters-Omuz-Protezi-768x432.jpg 768w, https:\/\/www.drmuratdemirel.com\/wp-content\/uploads\/2025\/07\/Ters-Omuz-Protezi-1536x864.jpg 1536w\" sizes=\"(max-width: 1600px) 100vw, 1600px\" \/>                      <\/div>\n                                                              <\/div>\n                  <div class=\"box-text text-center dark\" style=\"background-color:rgb(40, 94, 190);\">\n                        <div class=\"box-text-inner\">\n                            <p>Inverse Schulterendoprothese<\/p>\n                        <\/div>\n                  <\/div>\n              <\/div>\n            <\/a>\n            <\/div>\n          <\/div><div class=\"page-col col\" >\n          <div class=\"col-inner\" >\n          <a class=\"block plain\" href=\"https:\/\/www.drmuratdemirel.com\/de\/schulterbehandlungen\/behandlung-der-slap-laesion\/\" title=\"Behandlung der SLAP-L\u00e4sion\" target=\"\">\n            <div class=\"page-box box has-hover\">\n                  <div class=\"box-image\" >\n                      <div class=\"box-image\" >\n                      <img decoding=\"async\" width=\"1600\" height=\"900\" src=\"https:\/\/www.drmuratdemirel.com\/wp-content\/uploads\/2025\/06\/SLAP-Lezyonu.jpg\" class=\"attachment-2048x2048 size-2048x2048\" alt=\"\" srcset=\"https:\/\/www.drmuratdemirel.com\/wp-content\/uploads\/2025\/06\/SLAP-Lezyonu.jpg 1600w, https:\/\/www.drmuratdemirel.com\/wp-content\/uploads\/2025\/06\/SLAP-Lezyonu-711x400.jpg 711w, https:\/\/www.drmuratdemirel.com\/wp-content\/uploads\/2025\/06\/SLAP-Lezyonu-1400x788.jpg 1400w, https:\/\/www.drmuratdemirel.com\/wp-content\/uploads\/2025\/06\/SLAP-Lezyonu-768x432.jpg 768w, https:\/\/www.drmuratdemirel.com\/wp-content\/uploads\/2025\/06\/SLAP-Lezyonu-1536x864.jpg 1536w\" sizes=\"(max-width: 1600px) 100vw, 1600px\" \/>                      <\/div>\n                                                              <\/div>\n                  <div class=\"box-text text-center dark\" style=\"background-color:rgb(40, 94, 190);\">\n                        <div class=\"box-text-inner\">\n                            <p>Behandlung der SLAP-L\u00e4sion<\/p>\n                        <\/div>\n                  <\/div>\n              <\/div>\n            <\/a>\n            <\/div>\n          <\/div><div class=\"page-col col\" >\n          <div class=\"col-inner\" >\n          <a class=\"block plain\" href=\"https:\/\/www.drmuratdemirel.com\/de\/schulterbehandlungen\/behandlung-der-frozen-shoulder-schultersteife\/\" title=\"Behandlung der \u201eFrozen Shoulder\u201c (Schultersteife)\" target=\"\">\n            <div class=\"page-box box has-hover\">\n                  <div class=\"box-image\" >\n                      <div class=\"box-image\" >\n                      <img decoding=\"async\" width=\"1600\" height=\"900\" src=\"https:\/\/www.drmuratdemirel.com\/wp-content\/uploads\/2025\/06\/Donuk-Omuz-Sendromu.jpg\" class=\"attachment-2048x2048 size-2048x2048\" alt=\"\" srcset=\"https:\/\/www.drmuratdemirel.com\/wp-content\/uploads\/2025\/06\/Donuk-Omuz-Sendromu.jpg 1600w, https:\/\/www.drmuratdemirel.com\/wp-content\/uploads\/2025\/06\/Donuk-Omuz-Sendromu-711x400.jpg 711w, https:\/\/www.drmuratdemirel.com\/wp-content\/uploads\/2025\/06\/Donuk-Omuz-Sendromu-1400x788.jpg 1400w, https:\/\/www.drmuratdemirel.com\/wp-content\/uploads\/2025\/06\/Donuk-Omuz-Sendromu-768x432.jpg 768w, https:\/\/www.drmuratdemirel.com\/wp-content\/uploads\/2025\/06\/Donuk-Omuz-Sendromu-1536x864.jpg 1536w\" sizes=\"(max-width: 1600px) 100vw, 1600px\" \/>                      <\/div>\n                                                              <\/div>\n                  <div class=\"box-text text-center dark\" style=\"background-color:rgb(40, 94, 190);\">\n                        <div class=\"box-text-inner\">\n                            <p>Behandlung der \u201eFrozen Shoulder\u201c (Schultersteife)<\/p>\n                        <\/div>\n                  <\/div>\n              <\/div>\n            <\/a>\n            <\/div>\n          <\/div><div class=\"page-col col\" >\n          <div class=\"col-inner\" >\n          <a class=\"block plain\" href=\"https:\/\/www.drmuratdemirel.com\/de\/schulterbehandlungen\/operation-bei-schulterluxation\/\" title=\"Operation bei Schulterluxation\" target=\"\">\n            <div class=\"page-box box has-hover\">\n                  <div class=\"box-image\" >\n                      <div class=\"box-image\" >\n                      <img decoding=\"async\" width=\"1600\" height=\"900\" src=\"https:\/\/www.drmuratdemirel.com\/wp-content\/uploads\/2025\/06\/Omuz-Cikiklari.jpg\" class=\"attachment-2048x2048 size-2048x2048\" alt=\"\" srcset=\"https:\/\/www.drmuratdemirel.com\/wp-content\/uploads\/2025\/06\/Omuz-Cikiklari.jpg 1600w, https:\/\/www.drmuratdemirel.com\/wp-content\/uploads\/2025\/06\/Omuz-Cikiklari-711x400.jpg 711w, https:\/\/www.drmuratdemirel.com\/wp-content\/uploads\/2025\/06\/Omuz-Cikiklari-1400x788.jpg 1400w, https:\/\/www.drmuratdemirel.com\/wp-content\/uploads\/2025\/06\/Omuz-Cikiklari-768x432.jpg 768w, https:\/\/www.drmuratdemirel.com\/wp-content\/uploads\/2025\/06\/Omuz-Cikiklari-1536x864.jpg 1536w\" sizes=\"(max-width: 1600px) 100vw, 1600px\" \/>                      <\/div>\n                                                              <\/div>\n                  <div class=\"box-text text-center dark\" style=\"background-color:rgb(40, 94, 190);\">\n                        <div class=\"box-text-inner\">\n                            <p>Operation bei Schulterluxation<\/p>\n                        <\/div>\n                  <\/div>\n              <\/div>\n            <\/a>\n            <\/div>\n          <\/div><div class=\"page-col col\" >\n          <div class=\"col-inner\" >\n          <a class=\"block plain\" href=\"https:\/\/www.drmuratdemirel.com\/de\/schulterbehandlungen\/schulterarthroskopie\/\" title=\"Schulterarthroskopie\" target=\"\">\n            <div class=\"page-box box has-hover\">\n                  <div class=\"box-image\" >\n                      <div class=\"box-image\" >\n                      <img decoding=\"async\" width=\"1600\" height=\"900\" src=\"https:\/\/www.drmuratdemirel.com\/wp-content\/uploads\/2025\/06\/Omuz-Artroskopisi.jpg\" class=\"attachment-2048x2048 size-2048x2048\" alt=\"\" srcset=\"https:\/\/www.drmuratdemirel.com\/wp-content\/uploads\/2025\/06\/Omuz-Artroskopisi.jpg 1600w, https:\/\/www.drmuratdemirel.com\/wp-content\/uploads\/2025\/06\/Omuz-Artroskopisi-711x400.jpg 711w, https:\/\/www.drmuratdemirel.com\/wp-content\/uploads\/2025\/06\/Omuz-Artroskopisi-1400x788.jpg 1400w, https:\/\/www.drmuratdemirel.com\/wp-content\/uploads\/2025\/06\/Omuz-Artroskopisi-768x432.jpg 768w, https:\/\/www.drmuratdemirel.com\/wp-content\/uploads\/2025\/06\/Omuz-Artroskopisi-1536x864.jpg 1536w\" sizes=\"(max-width: 1600px) 100vw, 1600px\" \/>                      <\/div>\n                                                              <\/div>\n                  <div class=\"box-text text-center dark\" style=\"background-color:rgb(40, 94, 190);\">\n                        <div class=\"box-text-inner\">\n                            <p>Schulterarthroskopie<\/p>\n                        <\/div>\n                  <\/div>\n              <\/div>\n            <\/a>\n            <\/div>\n          <\/div><div class=\"page-col col\" >\n          <div class=\"col-inner\" >\n          <a class=\"block plain\" href=\"https:\/\/www.drmuratdemirel.com\/de\/schulterbehandlungen\/behandlung-der-kalkhaltigen-tendinitis\/\" title=\"Behandlung der kalkhaltigen Tendinitis\" target=\"\">\n            <div class=\"page-box box has-hover\">\n                  <div class=\"box-image\" >\n                      <div class=\"box-image\" >\n                      <img decoding=\"async\" width=\"1600\" height=\"900\" src=\"https:\/\/www.drmuratdemirel.com\/wp-content\/uploads\/2025\/06\/Kalsifik-Tendinit.jpg\" class=\"attachment-2048x2048 size-2048x2048\" alt=\"\" srcset=\"https:\/\/www.drmuratdemirel.com\/wp-content\/uploads\/2025\/06\/Kalsifik-Tendinit.jpg 1600w, https:\/\/www.drmuratdemirel.com\/wp-content\/uploads\/2025\/06\/Kalsifik-Tendinit-711x400.jpg 711w, https:\/\/www.drmuratdemirel.com\/wp-content\/uploads\/2025\/06\/Kalsifik-Tendinit-1400x788.jpg 1400w, https:\/\/www.drmuratdemirel.com\/wp-content\/uploads\/2025\/06\/Kalsifik-Tendinit-768x432.jpg 768w, https:\/\/www.drmuratdemirel.com\/wp-content\/uploads\/2025\/06\/Kalsifik-Tendinit-1536x864.jpg 1536w\" sizes=\"(max-width: 1600px) 100vw, 1600px\" \/>                      <\/div>\n                                                              <\/div>\n                  <div class=\"box-text text-center dark\" style=\"background-color:rgb(40, 94, 190);\">\n                        <div class=\"box-text-inner\">\n                            <p>Behandlung der kalkhaltigen Tendinitis<\/p>\n                        <\/div>\n                  <\/div>\n              <\/div>\n            <\/a>\n            <\/div>\n          <\/div><div class=\"page-col col\" >\n          <div class=\"col-inner\" >\n          <a class=\"block plain\" href=\"https:\/\/www.drmuratdemirel.com\/de\/schulterbehandlungen\/operation-bei-schulterfraktur\/\" title=\"Operation bei Schulterfraktur\" target=\"\">\n            <div class=\"page-box box has-hover\">\n                  <div class=\"box-image\" >\n                      <div class=\"box-image\" >\n                      <img decoding=\"async\" width=\"1600\" height=\"900\" src=\"https:\/\/www.drmuratdemirel.com\/wp-content\/uploads\/2025\/06\/Omuz-Kiriklari.jpg\" class=\"attachment-2048x2048 size-2048x2048\" alt=\"\" srcset=\"https:\/\/www.drmuratdemirel.com\/wp-content\/uploads\/2025\/06\/Omuz-Kiriklari.jpg 1600w, https:\/\/www.drmuratdemirel.com\/wp-content\/uploads\/2025\/06\/Omuz-Kiriklari-711x400.jpg 711w, https:\/\/www.drmuratdemirel.com\/wp-content\/uploads\/2025\/06\/Omuz-Kiriklari-1400x788.jpg 1400w, https:\/\/www.drmuratdemirel.com\/wp-content\/uploads\/2025\/06\/Omuz-Kiriklari-768x432.jpg 768w, https:\/\/www.drmuratdemirel.com\/wp-content\/uploads\/2025\/06\/Omuz-Kiriklari-1536x864.jpg 1536w\" sizes=\"(max-width: 1600px) 100vw, 1600px\" \/>                      <\/div>\n                                                              <\/div>\n                  <div class=\"box-text text-center dark\" style=\"background-color:rgb(40, 94, 190);\">\n                        <div class=\"box-text-inner\">\n                            <p>Operation bei Schulterfraktur<\/p>\n                        <\/div>\n                  <\/div>\n              <\/div>\n            <\/a>\n            <\/div>\n          <\/div><div class=\"page-col col\" >\n          <div class=\"col-inner\" >\n          <a class=\"block plain\" href=\"https:\/\/www.drmuratdemirel.com\/de\/schulterbehandlungen\/schultergelenkersatzoperation\/\" title=\"Schultergelenkersatzoperation\" target=\"\">\n            <div class=\"page-box box has-hover\">\n                  <div class=\"box-image\" >\n                      <div class=\"box-image\" >\n                      <img decoding=\"async\" width=\"1600\" height=\"900\" src=\"https:\/\/www.drmuratdemirel.com\/wp-content\/uploads\/2025\/06\/Omuz-Protezleri.jpg\" class=\"attachment-2048x2048 size-2048x2048\" alt=\"\" srcset=\"https:\/\/www.drmuratdemirel.com\/wp-content\/uploads\/2025\/06\/Omuz-Protezleri.jpg 1600w, https:\/\/www.drmuratdemirel.com\/wp-content\/uploads\/2025\/06\/Omuz-Protezleri-711x400.jpg 711w, https:\/\/www.drmuratdemirel.com\/wp-content\/uploads\/2025\/06\/Omuz-Protezleri-1400x788.jpg 1400w, https:\/\/www.drmuratdemirel.com\/wp-content\/uploads\/2025\/06\/Omuz-Protezleri-768x432.jpg 768w, https:\/\/www.drmuratdemirel.com\/wp-content\/uploads\/2025\/06\/Omuz-Protezleri-1536x864.jpg 1536w\" sizes=\"(max-width: 1600px) 100vw, 1600px\" \/>                      <\/div>\n                                                              <\/div>\n                  <div class=\"box-text text-center dark\" style=\"background-color:rgb(40, 94, 190);\">\n                        <div class=\"box-text-inner\">\n                            <p>Schultergelenkersatzoperation<\/p>\n                        <\/div>\n                  <\/div>\n              <\/div>\n            <\/a>\n            <\/div>\n          <\/div><div class=\"page-col col\" >\n          <div class=\"col-inner\" >\n          <a class=\"block plain\" href=\"https:\/\/www.drmuratdemirel.com\/de\/schulterbehandlungen\/operation-bei-muskelriss-der-schulter\/\" title=\"Operation bei Muskelriss der Schulter\" target=\"\">\n            <div class=\"page-box box has-hover\">\n                  <div class=\"box-image\" >\n                      <div class=\"box-image\" >\n                      <img decoding=\"async\" width=\"1600\" height=\"900\" src=\"https:\/\/www.drmuratdemirel.com\/wp-content\/uploads\/2025\/06\/Omuz-Kas-Yirtigi.jpg\" class=\"attachment-2048x2048 size-2048x2048\" alt=\"\" srcset=\"https:\/\/www.drmuratdemirel.com\/wp-content\/uploads\/2025\/06\/Omuz-Kas-Yirtigi.jpg 1600w, https:\/\/www.drmuratdemirel.com\/wp-content\/uploads\/2025\/06\/Omuz-Kas-Yirtigi-711x400.jpg 711w, https:\/\/www.drmuratdemirel.com\/wp-content\/uploads\/2025\/06\/Omuz-Kas-Yirtigi-1400x788.jpg 1400w, https:\/\/www.drmuratdemirel.com\/wp-content\/uploads\/2025\/06\/Omuz-Kas-Yirtigi-768x432.jpg 768w, https:\/\/www.drmuratdemirel.com\/wp-content\/uploads\/2025\/06\/Omuz-Kas-Yirtigi-1536x864.jpg 1536w\" sizes=\"(max-width: 1600px) 100vw, 1600px\" \/>                      <\/div>\n                                                              <\/div>\n                  <div class=\"box-text text-center dark\" style=\"background-color:rgb(40, 94, 190);\">\n                        <div class=\"box-text-inner\">\n                            <p>Operation bei Muskelriss der Schulter<\/p>\n                        <\/div>\n                  <\/div>\n              <\/div>\n            <\/a>\n            <\/div>\n          <\/div><\/div>\n\t\t<\/div>\n\t\t\t\t\t<\/div>\n\n\t\n<\/div>\n\t\t<\/div>\n\n\t\t\n<style>\n#section_251927338 {\n  padding-top: 30px;\n  padding-bottom: 30px;\n}\n<\/style>\n\t<\/section>\n\t\n","protected":false},"excerpt":{"rendered":"","protected":false},"author":1,"featured_media":2420,"parent":0,"menu_order":0,"comment_status":"closed","ping_status":"closed","template":"page-blank.php","meta":{"footnotes":""},"class_list":["post-2719","page","type-page","status-publish","has-post-thumbnail","hentry"],"_links":{"self":[{"href":"https:\/\/www.drmuratdemirel.com\/de\/wp-json\/wp\/v2\/pages\/2719","targetHints":{"allow":["GET"]}}],"collection":[{"href":"https:\/\/www.drmuratdemirel.com\/de\/wp-json\/wp\/v2\/pages"}],"about":[{"href":"https:\/\/www.drmuratdemirel.com\/de\/wp-json\/wp\/v2\/types\/page"}],"author":[{"embeddable":true,"href":"https:\/\/www.drmuratdemirel.com\/de\/wp-json\/wp\/v2\/users\/1"}],"replies":[{"embeddable":true,"href":"https:\/\/www.drmuratdemirel.com\/de\/wp-json\/wp\/v2\/comments?post=2719"}],"version-history":[{"count":2,"href":"https:\/\/www.drmuratdemirel.com\/de\/wp-json\/wp\/v2\/pages\/2719\/revisions"}],"predecessor-version":[{"id":2739,"href":"https:\/\/www.drmuratdemirel.com\/de\/wp-json\/wp\/v2\/pages\/2719\/revisions\/2739"}],"wp:featuredmedia":[{"embeddable":true,"href":"https:\/\/www.drmuratdemirel.com\/de\/wp-json\/wp\/v2\/media\/2420"}],"wp:attachment":[{"href":"https:\/\/www.drmuratdemirel.com\/de\/wp-json\/wp\/v2\/media?parent=2719"}],"curies":[{"name":"wp","href":"https:\/\/api.w.org\/{rel}","templated":true}]}}