{"id":2694,"date":"2025-11-24T14:54:52","date_gmt":"2025-11-24T11:54:52","guid":{"rendered":"https:\/\/www.drmuratdemirel.com\/?page_id=2694"},"modified":"2025-12-05T15:50:41","modified_gmt":"2025-12-05T12:50:41","slug":"orthopaedische-onkologie","status":"publish","type":"page","link":"https:\/\/www.drmuratdemirel.com\/de\/orthopaedische-onkologie\/","title":{"rendered":"Orthop\u00e4dische Onkologie"},"content":{"rendered":"\n\t<section class=\"section\" id=\"section_733839364\">\n\t\t<div class=\"section-bg fill\" >\n\t\t\t\t\t\t\t\t\t\n\t\t\t\n\n\t\t<\/div>\n\n\t\t\n\n\t\t<div class=\"section-content relative\">\n\t\t\t\n  <div id=\"page-header-700753086\" class=\"page-header-wrapper\">\n  <div class=\"page-title dark simple-title\">\n\n    \n    <div class=\"page-title-inner container align-center flex-row medium-flex-wrap\" >\n              <div class=\"title-wrapper flex-col text-left medium-text-center\">\n          <h1 class=\"entry-title mb-0\">\n            Orthop\u00e4dische Onkologie          <\/h1>\n        <\/div>\n                    <div class=\"title-content flex-col flex-right text-right medium-text-center\">\n        <div class=\"title-breadcrumbs pb-half pt-half\"><\/div>      <\/div>\n    <\/div>\n\n       <\/div>\n    <\/div>\n  \n\t\t<\/div>\n\n\t\t\n<style>\n#section_733839364 {\n  padding-top: 30px;\n  padding-bottom: 30px;\n  background-color: #285ebe;\n}\n<\/style>\n\t<\/section>\n\t\n\n\t<section class=\"section\" id=\"section_2016994014\">\n\t\t<div class=\"section-bg fill\" >\n\t\t\t\t\t\t\t\t\t\n\t\t\t\n\n\t\t<\/div>\n\n\t\t\n\n\t\t<div class=\"section-content relative\">\n\t\t\t\n<div class=\"row\"  id=\"row-1261833249\">\n\n\t<div id=\"col-630996690\" class=\"col small-12 large-12\"  >\n\t\t\t\t<div class=\"col-inner\"  >\n\t\t\t\n\t\t\t\n<p>Die orthop\u00e4dische Onkologie ist ein spezielles Fachgebiet, das sich mit der Diagnose und Behandlung von Knochen- und Weichteiltumoren befasst. Diese Disziplin zielt darauf ab, durch pr\u00e4zise Beurteilungen sowohl bei gutartigen als auch b\u00f6sartigen Tumoren die funktionelle Erhaltung und die Lebensqualit\u00e4t zu verbessern.<\/p>\n<p>Die Symptome orthop\u00e4discher Tumoren \u00e4u\u00dfern sich als Massenbildung, lokalisierte Schmerzen und allm\u00e4hlich zunehmende Bewegungseinschr\u00e4nkungen. Klinische Untersuchungsbefunde stellen einen wichtigen Ausgangspunkt dar, um den Charakter der L\u00e4sion zu verstehen.<\/p>\n<p>Die diagnostischen Methoden der orthop\u00e4dischen Onkologie zielen darauf ab, die strukturellen Merkmale des Tumors mithilfe bildgebender Verfahren wie R\u00f6ntgenaufnahme, MRT und CT zu analysieren. Wenn erforderlich, erm\u00f6glicht eine Biopsie durch die histopathologische Untersuchung einer Gewebeprobe eine definitive Diagnose.<\/p>\n<p>Die Behandlung orthop\u00e4discher Tumoren basiert auf einer patientenindividuellen Planung der chirurgischen Exzision, Rekonstruktion und adjuvanter onkologischer Methoden. Die postoperative funktionelle Rehabilitation unterst\u00fctzt die sichere Wiederherstellung der Extremit\u00e4tenfunktion.<\/p>\n\n  \n    <div class=\"row large-columns-3 medium-columns- small-columns-2\" >\n  <div class=\"page-col col\" >\n          <div class=\"col-inner\" >\n          <a class=\"block plain\" href=\"https:\/\/www.drmuratdemirel.com\/de\/orthopaedische-onkologie\/osteoidosteom-tumor\/\" title=\"Osteoidosteom-Tumor\" target=\"\">\n            <div class=\"page-box box has-hover\">\n                  <div class=\"box-image\" >\n                      <div class=\"box-image\" >\n                      <img decoding=\"async\" width=\"1600\" height=\"900\" src=\"https:\/\/www.drmuratdemirel.com\/wp-content\/uploads\/2025\/11\/Osteoid-Osteoma-Tumoru.jpg\" class=\"attachment-2048x2048 size-2048x2048\" alt=\"\" srcset=\"https:\/\/www.drmuratdemirel.com\/wp-content\/uploads\/2025\/11\/Osteoid-Osteoma-Tumoru.jpg 1600w, https:\/\/www.drmuratdemirel.com\/wp-content\/uploads\/2025\/11\/Osteoid-Osteoma-Tumoru-711x400.jpg 711w, https:\/\/www.drmuratdemirel.com\/wp-content\/uploads\/2025\/11\/Osteoid-Osteoma-Tumoru-1400x788.jpg 1400w, https:\/\/www.drmuratdemirel.com\/wp-content\/uploads\/2025\/11\/Osteoid-Osteoma-Tumoru-768x432.jpg 768w, https:\/\/www.drmuratdemirel.com\/wp-content\/uploads\/2025\/11\/Osteoid-Osteoma-Tumoru-1536x864.jpg 1536w\" sizes=\"(max-width: 1600px) 100vw, 1600px\" \/>                      <\/div>\n                                                              <\/div>\n                  <div class=\"box-text text-center dark\" style=\"background-color:rgb(40, 94, 190);\">\n                        <div class=\"box-text-inner\">\n                            <p>Osteoidosteom-Tumor<\/p>\n                        <\/div>\n                  <\/div>\n              <\/div>\n            <\/a>\n            <\/div>\n          <\/div><div class=\"page-col col\" >\n          <div class=\"col-inner\" >\n          <a class=\"block plain\" href=\"https:\/\/www.drmuratdemirel.com\/de\/orthopaedische-onkologie\/fettgeschwulst-lipom\/\" title=\"Fettgeschwulst (Lipom)\" target=\"\">\n            <div class=\"page-box box has-hover\">\n                  <div class=\"box-image\" >\n                      <div class=\"box-image\" >\n                      <img decoding=\"async\" width=\"1600\" height=\"900\" src=\"https:\/\/www.drmuratdemirel.com\/wp-content\/uploads\/2025\/11\/Yag-Bezesi-Lipom.jpg\" class=\"attachment-2048x2048 size-2048x2048\" alt=\"\" srcset=\"https:\/\/www.drmuratdemirel.com\/wp-content\/uploads\/2025\/11\/Yag-Bezesi-Lipom.jpg 1600w, https:\/\/www.drmuratdemirel.com\/wp-content\/uploads\/2025\/11\/Yag-Bezesi-Lipom-711x400.jpg 711w, https:\/\/www.drmuratdemirel.com\/wp-content\/uploads\/2025\/11\/Yag-Bezesi-Lipom-1400x788.jpg 1400w, https:\/\/www.drmuratdemirel.com\/wp-content\/uploads\/2025\/11\/Yag-Bezesi-Lipom-768x432.jpg 768w, https:\/\/www.drmuratdemirel.com\/wp-content\/uploads\/2025\/11\/Yag-Bezesi-Lipom-1536x864.jpg 1536w\" sizes=\"(max-width: 1600px) 100vw, 1600px\" \/>                      <\/div>\n                                                              <\/div>\n                  <div class=\"box-text text-center dark\" style=\"background-color:rgb(40, 94, 190);\">\n                        <div class=\"box-text-inner\">\n                            <p>Fettgeschwulst (Lipom)<\/p>\n                        <\/div>\n                  <\/div>\n              <\/div>\n            <\/a>\n            <\/div>\n          <\/div><div class=\"page-col col\" >\n          <div class=\"col-inner\" >\n          <a class=\"block plain\" href=\"https:\/\/www.drmuratdemirel.com\/de\/orthopaedische-onkologie\/behandlung-des-osteochondroms\/\" title=\"Behandlung des Osteochondroms\" target=\"\">\n            <div class=\"page-box box has-hover\">\n                  <div class=\"box-image\" >\n                      <div class=\"box-image\" >\n                      <img decoding=\"async\" width=\"1600\" height=\"900\" src=\"https:\/\/www.drmuratdemirel.com\/wp-content\/uploads\/2025\/11\/Osteokondrom-Tedavisi.jpg\" class=\"attachment-2048x2048 size-2048x2048\" alt=\"\" srcset=\"https:\/\/www.drmuratdemirel.com\/wp-content\/uploads\/2025\/11\/Osteokondrom-Tedavisi.jpg 1600w, https:\/\/www.drmuratdemirel.com\/wp-content\/uploads\/2025\/11\/Osteokondrom-Tedavisi-711x400.jpg 711w, https:\/\/www.drmuratdemirel.com\/wp-content\/uploads\/2025\/11\/Osteokondrom-Tedavisi-1400x788.jpg 1400w, https:\/\/www.drmuratdemirel.com\/wp-content\/uploads\/2025\/11\/Osteokondrom-Tedavisi-768x432.jpg 768w, https:\/\/www.drmuratdemirel.com\/wp-content\/uploads\/2025\/11\/Osteokondrom-Tedavisi-1536x864.jpg 1536w\" sizes=\"(max-width: 1600px) 100vw, 1600px\" \/>                      <\/div>\n                                                              <\/div>\n                  <div class=\"box-text text-center dark\" style=\"background-color:rgb(40, 94, 190);\">\n                        <div class=\"box-text-inner\">\n                            <p>Behandlung des Osteochondroms<\/p>\n                        <\/div>\n                  <\/div>\n              <\/div>\n            <\/a>\n            <\/div>\n          <\/div><div class=\"page-col col\" >\n          <div class=\"col-inner\" >\n          <a class=\"block plain\" href=\"https:\/\/www.drmuratdemirel.com\/de\/orthopaedische-onkologie\/morton-neurom\/\" title=\"Morton-Neurom\" target=\"\">\n            <div class=\"page-box box has-hover\">\n                  <div class=\"box-image\" >\n                      <div class=\"box-image\" >\n                      <img decoding=\"async\" width=\"1600\" height=\"900\" src=\"https:\/\/www.drmuratdemirel.com\/wp-content\/uploads\/2025\/11\/Morton-Noroma.jpg\" class=\"attachment-2048x2048 size-2048x2048\" alt=\"\" srcset=\"https:\/\/www.drmuratdemirel.com\/wp-content\/uploads\/2025\/11\/Morton-Noroma.jpg 1600w, https:\/\/www.drmuratdemirel.com\/wp-content\/uploads\/2025\/11\/Morton-Noroma-711x400.jpg 711w, https:\/\/www.drmuratdemirel.com\/wp-content\/uploads\/2025\/11\/Morton-Noroma-1400x788.jpg 1400w, https:\/\/www.drmuratdemirel.com\/wp-content\/uploads\/2025\/11\/Morton-Noroma-768x432.jpg 768w, https:\/\/www.drmuratdemirel.com\/wp-content\/uploads\/2025\/11\/Morton-Noroma-1536x864.jpg 1536w\" sizes=\"(max-width: 1600px) 100vw, 1600px\" \/>                      <\/div>\n                                                              <\/div>\n                  <div class=\"box-text text-center dark\" style=\"background-color:rgb(40, 94, 190);\">\n                        <div class=\"box-text-inner\">\n                            <p>Morton-Neurom<\/p>\n                        <\/div>\n                  <\/div>\n              <\/div>\n            <\/a>\n            <\/div>\n          <\/div><\/div>\n\t\t<\/div>\n\t\t\t\t\t<\/div>\n\n\t\n<\/div>\n\t\t<\/div>\n\n\t\t\n<style>\n#section_2016994014 {\n  padding-top: 30px;\n  padding-bottom: 30px;\n}\n<\/style>\n\t<\/section>\n\t\n","protected":false},"excerpt":{"rendered":"","protected":false},"author":1,"featured_media":2423,"parent":0,"menu_order":0,"comment_status":"closed","ping_status":"closed","template":"page-blank.php","meta":{"footnotes":""},"class_list":["post-2694","page","type-page","status-publish","has-post-thumbnail","hentry"],"_links":{"self":[{"href":"https:\/\/www.drmuratdemirel.com\/de\/wp-json\/wp\/v2\/pages\/2694","targetHints":{"allow":["GET"]}}],"collection":[{"href":"https:\/\/www.drmuratdemirel.com\/de\/wp-json\/wp\/v2\/pages"}],"about":[{"href":"https:\/\/www.drmuratdemirel.com\/de\/wp-json\/wp\/v2\/types\/page"}],"author":[{"embeddable":true,"href":"https:\/\/www.drmuratdemirel.com\/de\/wp-json\/wp\/v2\/users\/1"}],"replies":[{"embeddable":true,"href":"https:\/\/www.drmuratdemirel.com\/de\/wp-json\/wp\/v2\/comments?post=2694"}],"version-history":[{"count":2,"href":"https:\/\/www.drmuratdemirel.com\/de\/wp-json\/wp\/v2\/pages\/2694\/revisions"}],"predecessor-version":[{"id":2705,"href":"https:\/\/www.drmuratdemirel.com\/de\/wp-json\/wp\/v2\/pages\/2694\/revisions\/2705"}],"wp:featuredmedia":[{"embeddable":true,"href":"https:\/\/www.drmuratdemirel.com\/de\/wp-json\/wp\/v2\/media\/2423"}],"wp:attachment":[{"href":"https:\/\/www.drmuratdemirel.com\/de\/wp-json\/wp\/v2\/media?parent=2694"}],"curies":[{"name":"wp","href":"https:\/\/api.w.org\/{rel}","templated":true}]}}