{"id":2593,"date":"2025-06-13T11:42:39","date_gmt":"2025-06-13T08:42:39","guid":{"rendered":"https:\/\/www.drmuratdemirel.com\/?page_id=2593"},"modified":"2025-12-04T16:55:24","modified_gmt":"2025-12-04T13:55:24","slug":"orthobiologische-behandlungen","status":"publish","type":"page","link":"https:\/\/www.drmuratdemirel.com\/de\/orthobiologische-behandlungen\/","title":{"rendered":"Orthobiologische Behandlungen"},"content":{"rendered":"\n\t<section class=\"section\" id=\"section_459497034\">\n\t\t<div class=\"section-bg fill\" >\n\t\t\t\t\t\t\t\t\t\n\t\t\t\n\n\t\t<\/div>\n\n\t\t\n\n\t\t<div class=\"section-content relative\">\n\t\t\t\n  <div id=\"page-header-1106612302\" class=\"page-header-wrapper\">\n  <div class=\"page-title dark simple-title\">\n\n    \n    <div class=\"page-title-inner container align-center flex-row medium-flex-wrap\" >\n              <div class=\"title-wrapper flex-col text-left medium-text-center\">\n          <h1 class=\"entry-title mb-0\">\n            Orthobiologische Behandlungen          <\/h1>\n        <\/div>\n                    <div class=\"title-content flex-col flex-right text-right medium-text-center\">\n        <div class=\"title-breadcrumbs pb-half pt-half\"><\/div>      <\/div>\n    <\/div>\n\n       <\/div>\n    <\/div>\n  \n\t\t<\/div>\n\n\t\t\n<style>\n#section_459497034 {\n  padding-top: 30px;\n  padding-bottom: 30px;\n  background-color: #285ebe;\n}\n<\/style>\n\t<\/section>\n\t\n\n\t<section class=\"section\" id=\"section_295924510\">\n\t\t<div class=\"section-bg fill\" >\n\t\t\t\t\t\t\t\t\t\n\t\t\t\n\n\t\t<\/div>\n\n\t\t\n\n\t\t<div class=\"section-content relative\">\n\t\t\t\n<div class=\"row\"  id=\"row-1402608378\">\n\n\t<div id=\"col-740444432\" class=\"col small-12 large-12\"  >\n\t\t\t\t<div class=\"col-inner\"  >\n\t\t\t\n\t\t\t\n<p>Orthobiologische Behandlungen sind moderne Methoden, die darauf abzielen, Gelenk-, Muskel- und Sehnenprobleme mithilfe der eigenen Zellen und biologischen Materialien der Patientinnen und Patienten zu behandeln. Thrombozytenreiches Plasma (PRP), Stammzelltherapie und Hyalurons\u00e4ure-Injektionen geh\u00f6ren zu den am h\u00e4ufigsten eingesetzten orthobiologischen Verfahren.<\/p>\n<p>Die PRP-Therapie wird durchgef\u00fchrt, indem das Blut der Patientin oder des Patienten mit speziellen Techniken aufbereitet und in das Gelenk oder das gesch\u00e4digte Gewebe injiziert wird. Dieses Verfahren beschleunigt die Gewebereparatur, reduziert Schmerzen und unterst\u00fctzt den Heilungsprozess. Es wird besonders h\u00e4ufig bei Sportverletzungen bevorzugt.<\/p>\n<p>Die Stammzelltherapie erfolgt, indem aus dem K\u00f6rper entnommene Zellen im Labor isoliert und anschlie\u00dfend in das gesch\u00e4digte Gelenk eingebracht werden. Dank ihres regenerativen Potenzials kommt es zu Verbesserungen von Knorpel- und Bindegewebe. Sie ist eine wirksame Option bei fortgeschrittener Gelenkarthrose.<\/p>\n<p>Hyalurons\u00e4ure-Injektionen unterst\u00fctzen die Gelenkfl\u00fcssigkeit, verbessern die Beweglichkeit und lindern Schmerzen. Diese Behandlung erh\u00f6ht die Gleitf\u00e4higkeit der Gelenkfl\u00e4chen, insbesondere bei Knie- und H\u00fcftarthrose, und verbessert so die Lebensqualit\u00e4t. Sie nimmt einen wichtigen Stellenwert unter den konservativen Behandlungsmethoden ein.<\/p>\n\n  \n    <div class=\"row large-columns-3 medium-columns- small-columns-2\" >\n  <div class=\"page-col col\" >\n          <div class=\"col-inner\" >\n          <a class=\"block plain\" href=\"https:\/\/www.drmuratdemirel.com\/de\/orthobiologische-behandlungen\/exosomen-therapie\/\" title=\"Exosomen-Therapie\" target=\"\">\n            <div class=\"page-box box has-hover\">\n                  <div class=\"box-image\" >\n                      <div class=\"box-image\" >\n                      <img decoding=\"async\" width=\"1600\" height=\"900\" src=\"https:\/\/www.drmuratdemirel.com\/wp-content\/uploads\/2025\/06\/Exozom-Tedavisi.jpg\" class=\"attachment-2048x2048 size-2048x2048\" alt=\"\" srcset=\"https:\/\/www.drmuratdemirel.com\/wp-content\/uploads\/2025\/06\/Exozom-Tedavisi.jpg 1600w, https:\/\/www.drmuratdemirel.com\/wp-content\/uploads\/2025\/06\/Exozom-Tedavisi-711x400.jpg 711w, https:\/\/www.drmuratdemirel.com\/wp-content\/uploads\/2025\/06\/Exozom-Tedavisi-1400x788.jpg 1400w, https:\/\/www.drmuratdemirel.com\/wp-content\/uploads\/2025\/06\/Exozom-Tedavisi-768x432.jpg 768w, https:\/\/www.drmuratdemirel.com\/wp-content\/uploads\/2025\/06\/Exozom-Tedavisi-1536x864.jpg 1536w\" sizes=\"(max-width: 1600px) 100vw, 1600px\" \/>                      <\/div>\n                                                              <\/div>\n                  <div class=\"box-text text-center dark\" style=\"background-color:rgb(40, 94, 190);\">\n                        <div class=\"box-text-inner\">\n                            <p>Exosomen-Therapie<\/p>\n                        <\/div>\n                  <\/div>\n              <\/div>\n            <\/a>\n            <\/div>\n          <\/div><div class=\"page-col col\" >\n          <div class=\"col-inner\" >\n          <a class=\"block plain\" href=\"https:\/\/www.drmuratdemirel.com\/de\/orthobiologische-behandlungen\/hyaluronsaeure-injektion\/\" title=\"Hyalurons\u00e4ure-Injektion\" target=\"\">\n            <div class=\"page-box box has-hover\">\n                  <div class=\"box-image\" >\n                      <div class=\"box-image\" >\n                      <img decoding=\"async\" width=\"1600\" height=\"900\" src=\"https:\/\/www.drmuratdemirel.com\/wp-content\/uploads\/2025\/06\/Hyaluronik-Asit-Enjeksiyonu.jpg\" class=\"attachment-2048x2048 size-2048x2048\" alt=\"\" srcset=\"https:\/\/www.drmuratdemirel.com\/wp-content\/uploads\/2025\/06\/Hyaluronik-Asit-Enjeksiyonu.jpg 1600w, https:\/\/www.drmuratdemirel.com\/wp-content\/uploads\/2025\/06\/Hyaluronik-Asit-Enjeksiyonu-711x400.jpg 711w, https:\/\/www.drmuratdemirel.com\/wp-content\/uploads\/2025\/06\/Hyaluronik-Asit-Enjeksiyonu-1400x788.jpg 1400w, https:\/\/www.drmuratdemirel.com\/wp-content\/uploads\/2025\/06\/Hyaluronik-Asit-Enjeksiyonu-768x432.jpg 768w, https:\/\/www.drmuratdemirel.com\/wp-content\/uploads\/2025\/06\/Hyaluronik-Asit-Enjeksiyonu-1536x864.jpg 1536w\" sizes=\"(max-width: 1600px) 100vw, 1600px\" \/>                      <\/div>\n                                                              <\/div>\n                  <div class=\"box-text text-center dark\" style=\"background-color:rgb(40, 94, 190);\">\n                        <div class=\"box-text-inner\">\n                            <p>Hyalurons\u00e4ure-Injektion<\/p>\n                        <\/div>\n                  <\/div>\n              <\/div>\n            <\/a>\n            <\/div>\n          <\/div><div class=\"page-col col\" >\n          <div class=\"col-inner\" >\n          <a class=\"block plain\" href=\"https:\/\/www.drmuratdemirel.com\/de\/orthobiologische-behandlungen\/knochenmarkaspirat-konzentrat-bmac\/\" title=\"Knochenmarkaspirat-Konzentrat (BMAC)\" target=\"\">\n            <div class=\"page-box box has-hover\">\n                  <div class=\"box-image\" >\n                      <div class=\"box-image\" >\n                      <img decoding=\"async\" width=\"1600\" height=\"900\" src=\"https:\/\/www.drmuratdemirel.com\/wp-content\/uploads\/2025\/06\/BMAC-Bone-Marrow-Aspirate-Concentrate.jpg\" class=\"attachment-2048x2048 size-2048x2048\" alt=\"\" srcset=\"https:\/\/www.drmuratdemirel.com\/wp-content\/uploads\/2025\/06\/BMAC-Bone-Marrow-Aspirate-Concentrate.jpg 1600w, https:\/\/www.drmuratdemirel.com\/wp-content\/uploads\/2025\/06\/BMAC-Bone-Marrow-Aspirate-Concentrate-711x400.jpg 711w, https:\/\/www.drmuratdemirel.com\/wp-content\/uploads\/2025\/06\/BMAC-Bone-Marrow-Aspirate-Concentrate-1400x788.jpg 1400w, https:\/\/www.drmuratdemirel.com\/wp-content\/uploads\/2025\/06\/BMAC-Bone-Marrow-Aspirate-Concentrate-768x432.jpg 768w, https:\/\/www.drmuratdemirel.com\/wp-content\/uploads\/2025\/06\/BMAC-Bone-Marrow-Aspirate-Concentrate-1536x864.jpg 1536w\" sizes=\"(max-width: 1600px) 100vw, 1600px\" \/>                      <\/div>\n                                                              <\/div>\n                  <div class=\"box-text text-center dark\" style=\"background-color:rgb(40, 94, 190);\">\n                        <div class=\"box-text-inner\">\n                            <p>Knochenmarkaspirat-Konzentrat (BMAC)<\/p>\n                        <\/div>\n                  <\/div>\n              <\/div>\n            <\/a>\n            <\/div>\n          <\/div><div class=\"page-col col\" >\n          <div class=\"col-inner\" >\n          <a class=\"block plain\" href=\"https:\/\/www.drmuratdemirel.com\/de\/orthobiologische-behandlungen\/stammzelltherapie\/\" title=\"Stammzelltherapie\" target=\"\">\n            <div class=\"page-box box has-hover\">\n                  <div class=\"box-image\" >\n                      <div class=\"box-image\" >\n                      <img decoding=\"async\" width=\"1600\" height=\"900\" src=\"https:\/\/www.drmuratdemirel.com\/wp-content\/uploads\/2025\/06\/Kok-Hucre-Uygulamasi.jpg\" class=\"attachment-2048x2048 size-2048x2048\" alt=\"\" srcset=\"https:\/\/www.drmuratdemirel.com\/wp-content\/uploads\/2025\/06\/Kok-Hucre-Uygulamasi.jpg 1600w, https:\/\/www.drmuratdemirel.com\/wp-content\/uploads\/2025\/06\/Kok-Hucre-Uygulamasi-711x400.jpg 711w, https:\/\/www.drmuratdemirel.com\/wp-content\/uploads\/2025\/06\/Kok-Hucre-Uygulamasi-1400x788.jpg 1400w, https:\/\/www.drmuratdemirel.com\/wp-content\/uploads\/2025\/06\/Kok-Hucre-Uygulamasi-768x432.jpg 768w, https:\/\/www.drmuratdemirel.com\/wp-content\/uploads\/2025\/06\/Kok-Hucre-Uygulamasi-1536x864.jpg 1536w\" sizes=\"(max-width: 1600px) 100vw, 1600px\" \/>                      <\/div>\n                                                              <\/div>\n                  <div class=\"box-text text-center dark\" style=\"background-color:rgb(40, 94, 190);\">\n                        <div class=\"box-text-inner\">\n                            <p>Stammzelltherapie<\/p>\n                        <\/div>\n                  <\/div>\n              <\/div>\n            <\/a>\n            <\/div>\n          <\/div><div class=\"page-col col\" >\n          <div class=\"col-inner\" >\n          <a class=\"block plain\" href=\"https:\/\/www.drmuratdemirel.com\/de\/orthobiologische-behandlungen\/prp-anwendungen-im-knie-und-schultergelenk\/\" title=\"PRP-Anwendungen im Knie- und Schultergelenk\" target=\"\">\n            <div class=\"page-box box has-hover\">\n                  <div class=\"box-image\" >\n                      <div class=\"box-image\" >\n                      <img decoding=\"async\" width=\"1600\" height=\"900\" src=\"https:\/\/www.drmuratdemirel.com\/wp-content\/uploads\/2025\/06\/PRP-Platelet-Rich-Plasma.jpg\" class=\"attachment-2048x2048 size-2048x2048\" alt=\"\" srcset=\"https:\/\/www.drmuratdemirel.com\/wp-content\/uploads\/2025\/06\/PRP-Platelet-Rich-Plasma.jpg 1600w, https:\/\/www.drmuratdemirel.com\/wp-content\/uploads\/2025\/06\/PRP-Platelet-Rich-Plasma-711x400.jpg 711w, https:\/\/www.drmuratdemirel.com\/wp-content\/uploads\/2025\/06\/PRP-Platelet-Rich-Plasma-1400x788.jpg 1400w, https:\/\/www.drmuratdemirel.com\/wp-content\/uploads\/2025\/06\/PRP-Platelet-Rich-Plasma-768x432.jpg 768w, https:\/\/www.drmuratdemirel.com\/wp-content\/uploads\/2025\/06\/PRP-Platelet-Rich-Plasma-1536x864.jpg 1536w\" sizes=\"(max-width: 1600px) 100vw, 1600px\" \/>                      <\/div>\n                                                              <\/div>\n                  <div class=\"box-text text-center dark\" style=\"background-color:rgb(40, 94, 190);\">\n                        <div class=\"box-text-inner\">\n                            <p>PRP-Anwendungen im Knie- und Schultergelenk<\/p>\n                        <\/div>\n                  <\/div>\n              <\/div>\n            <\/a>\n            <\/div>\n          <\/div><div class=\"page-col col\" >\n          <div class=\"col-inner\" >\n          <a class=\"block plain\" href=\"https:\/\/www.drmuratdemirel.com\/de\/orthobiologische-behandlungen\/hydrogel-kniebehandlung-fluessige-knieprothese\/\" title=\"Hydrogel-Kniebehandlung (fl\u00fcssige Knieprothese)\" target=\"\">\n            <div class=\"page-box box has-hover\">\n                  <div class=\"box-image\" >\n                      <div class=\"box-image\" >\n                      <img decoding=\"async\" width=\"345\" height=\"200\" src=\"https:\/\/www.drmuratdemirel.com\/wp-content\/uploads\/2025\/06\/hidrojel-diz-tedavisi-sivi-diz-protezi-fiyatlari-ankara.jpg\" class=\"attachment-2048x2048 size-2048x2048\" alt=\"\" \/>                      <\/div>\n                                                              <\/div>\n                  <div class=\"box-text text-center dark\" style=\"background-color:rgb(40, 94, 190);\">\n                        <div class=\"box-text-inner\">\n                            <p>Hydrogel-Kniebehandlung (fl\u00fcssige Knieprothese)<\/p>\n                        <\/div>\n                  <\/div>\n              <\/div>\n            <\/a>\n            <\/div>\n          <\/div><\/div>\n\t\t<\/div>\n\t\t\t\t\t<\/div>\n\n\t\n<\/div>\n\t\t<\/div>\n\n\t\t\n<style>\n#section_295924510 {\n  padding-top: 30px;\n  padding-bottom: 30px;\n}\n<\/style>\n\t<\/section>\n\t\n","protected":false},"excerpt":{"rendered":"","protected":false},"author":1,"featured_media":2411,"parent":0,"menu_order":0,"comment_status":"closed","ping_status":"closed","template":"page-blank.php","meta":{"footnotes":""},"class_list":["post-2593","page","type-page","status-publish","has-post-thumbnail","hentry"],"_links":{"self":[{"href":"https:\/\/www.drmuratdemirel.com\/de\/wp-json\/wp\/v2\/pages\/2593","targetHints":{"allow":["GET"]}}],"collection":[{"href":"https:\/\/www.drmuratdemirel.com\/de\/wp-json\/wp\/v2\/pages"}],"about":[{"href":"https:\/\/www.drmuratdemirel.com\/de\/wp-json\/wp\/v2\/types\/page"}],"author":[{"embeddable":true,"href":"https:\/\/www.drmuratdemirel.com\/de\/wp-json\/wp\/v2\/users\/1"}],"replies":[{"embeddable":true,"href":"https:\/\/www.drmuratdemirel.com\/de\/wp-json\/wp\/v2\/comments?post=2593"}],"version-history":[{"count":3,"href":"https:\/\/www.drmuratdemirel.com\/de\/wp-json\/wp\/v2\/pages\/2593\/revisions"}],"predecessor-version":[{"id":2598,"href":"https:\/\/www.drmuratdemirel.com\/de\/wp-json\/wp\/v2\/pages\/2593\/revisions\/2598"}],"wp:featuredmedia":[{"embeddable":true,"href":"https:\/\/www.drmuratdemirel.com\/de\/wp-json\/wp\/v2\/media\/2411"}],"wp:attachment":[{"href":"https:\/\/www.drmuratdemirel.com\/de\/wp-json\/wp\/v2\/media?parent=2593"}],"curies":[{"name":"wp","href":"https:\/\/api.w.org\/{rel}","templated":true}]}}