{"id":2540,"date":"2025-06-13T11:23:18","date_gmt":"2025-06-13T08:23:18","guid":{"rendered":"https:\/\/www.drmuratdemirel.com\/?page_id=2540"},"modified":"2025-12-04T16:03:17","modified_gmt":"2025-12-04T13:03:17","slug":"kniebehandlungen","status":"publish","type":"page","link":"https:\/\/www.drmuratdemirel.com\/de\/kniebehandlungen\/","title":{"rendered":"Kniebehandlungen"},"content":{"rendered":"\n\t<section class=\"section\" id=\"section_1879238641\">\n\t\t<div class=\"section-bg fill\" >\n\t\t\t\t\t\t\t\t\t\n\t\t\t\n\n\t\t<\/div>\n\n\t\t\n\n\t\t<div class=\"section-content relative\">\n\t\t\t\n  <div id=\"page-header-644756905\" class=\"page-header-wrapper\">\n  <div class=\"page-title dark simple-title\">\n\n    \n    <div class=\"page-title-inner container align-center flex-row medium-flex-wrap\" >\n              <div class=\"title-wrapper flex-col text-left medium-text-center\">\n          <h1 class=\"entry-title mb-0\">\n            Kniebehandlungen          <\/h1>\n        <\/div>\n                    <div class=\"title-content flex-col flex-right text-right medium-text-center\">\n        <div class=\"title-breadcrumbs pb-half pt-half\"><\/div>      <\/div>\n    <\/div>\n\n       <\/div>\n    <\/div>\n  \n\t\t<\/div>\n\n\t\t\n<style>\n#section_1879238641 {\n  padding-top: 30px;\n  padding-bottom: 30px;\n  background-color: #285ebe;\n}\n<\/style>\n\t<\/section>\n\t\n\n\t<section class=\"section\" id=\"section_731858579\">\n\t\t<div class=\"section-bg fill\" >\n\t\t\t\t\t\t\t\t\t\n\t\t\t\n\n\t\t<\/div>\n\n\t\t\n\n\t\t<div class=\"section-content relative\">\n\t\t\t\n<div class=\"row\"  id=\"row-293094153\">\n\n\t<div id=\"col-2080935721\" class=\"col small-12 large-12\"  >\n\t\t\t\t<div class=\"col-inner\"  >\n\t\t\t\n\t\t\t\n<p>Erkrankungen und Schmerzen des Knies entwickeln sich infolge von Sch\u00e4digungen der Gelenkstrukturen, Knorpelverschlei\u00df oder Bandverletzungen. Das Kniegelenk, das im Alltag h\u00e4ufig beansprucht wird, ist anf\u00e4llig f\u00fcr Traumata und degenerative Erkrankungen. Schmerzen, eingeschr\u00e4nkte Beweglichkeit und Schwellung geh\u00f6ren zu den h\u00e4ufigsten Symptomen.<\/p>\n<p>Zu den Ursachen von Knieschmerzen z\u00e4hlen Meniskusrisse, Verletzungen des vorderen Kreuzbandes, Arthrose und rheumatische Erkrankungen. Diese Probleme treten sowohl bei Sportlern als auch bei \u00e4lteren Menschen h\u00e4ufig auf. Eine fr\u00fchzeitige Diagnose spielt eine entscheidende Rolle dabei, das Fortschreiten der Erkrankung zu verlangsamen.<\/p>\n<p>Die Diagnose von Knieerkrankungen umfasst die klinische Untersuchung, R\u00f6ntgenaufnahmen, Magnetresonanztomografie (MRT) und Ultraschall. Mit diesen Untersuchungen k\u00f6nnen die Gelenkstrukturen detailliert beurteilt werden. Eine exakte Diagnose ist entscheidend f\u00fcr die Wahl der geeigneten Behandlungsmethode.<\/p>\n<p>Die Behandlung von Knieschmerzen umfasst Medikamente, Physiotherapie, intraartikul\u00e4re Injektionen und operative Eingriffe. W\u00e4hrend bei leichten bis mittelschweren Problemen eine konservative Therapie bevorzugt wird, kann bei fortgeschrittenen Knorpelsch\u00e4den oder Bandrupturen eine Arthroskopie oder ein Gelenkersatz (Endoprothese) durchgef\u00fchrt werden.<\/p>\n\n  \n    <div class=\"row large-columns-3 medium-columns- small-columns-2\" >\n  <div class=\"page-col col\" >\n          <div class=\"col-inner\" >\n          <a class=\"block plain\" href=\"https:\/\/www.drmuratdemirel.com\/de\/kniebehandlungen\/chondromalacia-patellae-laeuferknie\/\" title=\"Chondromalacia Patellae (L\u00e4uferknie)\" target=\"\">\n            <div class=\"page-box box has-hover\">\n                  <div class=\"box-image\" >\n                      <div class=\"box-image\" >\n                      <img decoding=\"async\" width=\"1600\" height=\"900\" src=\"https:\/\/www.drmuratdemirel.com\/wp-content\/uploads\/2025\/06\/Kondromalazi-Patella-Kosucu-Dizi.jpg\" class=\"attachment-2048x2048 size-2048x2048\" alt=\"\" srcset=\"https:\/\/www.drmuratdemirel.com\/wp-content\/uploads\/2025\/06\/Kondromalazi-Patella-Kosucu-Dizi.jpg 1600w, https:\/\/www.drmuratdemirel.com\/wp-content\/uploads\/2025\/06\/Kondromalazi-Patella-Kosucu-Dizi-711x400.jpg 711w, https:\/\/www.drmuratdemirel.com\/wp-content\/uploads\/2025\/06\/Kondromalazi-Patella-Kosucu-Dizi-1400x788.jpg 1400w, https:\/\/www.drmuratdemirel.com\/wp-content\/uploads\/2025\/06\/Kondromalazi-Patella-Kosucu-Dizi-768x432.jpg 768w, https:\/\/www.drmuratdemirel.com\/wp-content\/uploads\/2025\/06\/Kondromalazi-Patella-Kosucu-Dizi-1536x864.jpg 1536w\" sizes=\"(max-width: 1600px) 100vw, 1600px\" \/>                      <\/div>\n                                                              <\/div>\n                  <div class=\"box-text text-center dark\" style=\"background-color:rgb(40, 94, 190);\">\n                        <div class=\"box-text-inner\">\n                            <p>Chondromalacia Patellae (L\u00e4uferknie)<\/p>\n                        <\/div>\n                  <\/div>\n              <\/div>\n            <\/a>\n            <\/div>\n          <\/div><div class=\"page-col col\" >\n          <div class=\"col-inner\" >\n          <a class=\"block plain\" href=\"https:\/\/www.drmuratdemirel.com\/de\/kniebehandlungen\/robotergestuetzte-kniegelenkersatzoperation\/\" title=\"Robotergest\u00fctzte Kniegelenkersatzoperation\" target=\"\">\n            <div class=\"page-box box has-hover\">\n                  <div class=\"box-image\" >\n                      <div class=\"box-image\" >\n                      <img decoding=\"async\" width=\"1600\" height=\"900\" src=\"https:\/\/www.drmuratdemirel.com\/wp-content\/uploads\/2025\/06\/Robotik-Diz-Protezi.jpg\" class=\"attachment-2048x2048 size-2048x2048\" alt=\"\" srcset=\"https:\/\/www.drmuratdemirel.com\/wp-content\/uploads\/2025\/06\/Robotik-Diz-Protezi.jpg 1600w, https:\/\/www.drmuratdemirel.com\/wp-content\/uploads\/2025\/06\/Robotik-Diz-Protezi-711x400.jpg 711w, https:\/\/www.drmuratdemirel.com\/wp-content\/uploads\/2025\/06\/Robotik-Diz-Protezi-1400x788.jpg 1400w, https:\/\/www.drmuratdemirel.com\/wp-content\/uploads\/2025\/06\/Robotik-Diz-Protezi-768x432.jpg 768w, https:\/\/www.drmuratdemirel.com\/wp-content\/uploads\/2025\/06\/Robotik-Diz-Protezi-1536x864.jpg 1536w\" sizes=\"(max-width: 1600px) 100vw, 1600px\" \/>                      <\/div>\n                                                              <\/div>\n                  <div class=\"box-text text-center dark\" style=\"background-color:rgb(40, 94, 190);\">\n                        <div class=\"box-text-inner\">\n                            <p>Robotergest\u00fctzte Kniegelenkersatzoperation<\/p>\n                        <\/div>\n                  <\/div>\n              <\/div>\n            <\/a>\n            <\/div>\n          <\/div><div class=\"page-col col\" >\n          <div class=\"col-inner\" >\n          <a class=\"block plain\" href=\"https:\/\/www.drmuratdemirel.com\/de\/kniebehandlungen\/patellaluxation\/\" title=\"Patellaluxation\" target=\"\">\n            <div class=\"page-box box has-hover\">\n                  <div class=\"box-image\" >\n                      <div class=\"box-image\" >\n                      <img decoding=\"async\" width=\"1600\" height=\"900\" src=\"https:\/\/www.drmuratdemirel.com\/wp-content\/uploads\/2025\/06\/Diz-Kapagi-Cikmasi.jpg\" class=\"attachment-2048x2048 size-2048x2048\" alt=\"\" srcset=\"https:\/\/www.drmuratdemirel.com\/wp-content\/uploads\/2025\/06\/Diz-Kapagi-Cikmasi.jpg 1600w, https:\/\/www.drmuratdemirel.com\/wp-content\/uploads\/2025\/06\/Diz-Kapagi-Cikmasi-711x400.jpg 711w, https:\/\/www.drmuratdemirel.com\/wp-content\/uploads\/2025\/06\/Diz-Kapagi-Cikmasi-1400x788.jpg 1400w, https:\/\/www.drmuratdemirel.com\/wp-content\/uploads\/2025\/06\/Diz-Kapagi-Cikmasi-768x432.jpg 768w, https:\/\/www.drmuratdemirel.com\/wp-content\/uploads\/2025\/06\/Diz-Kapagi-Cikmasi-1536x864.jpg 1536w\" sizes=\"(max-width: 1600px) 100vw, 1600px\" \/>                      <\/div>\n                                                              <\/div>\n                  <div class=\"box-text text-center dark\" style=\"background-color:rgb(40, 94, 190);\">\n                        <div class=\"box-text-inner\">\n                            <p>Patellaluxation<\/p>\n                        <\/div>\n                  <\/div>\n              <\/div>\n            <\/a>\n            <\/div>\n          <\/div><div class=\"page-col col\" >\n          <div class=\"col-inner\" >\n          <a class=\"block plain\" href=\"https:\/\/www.drmuratdemirel.com\/de\/kniebehandlungen\/kniegelenkersatzoperation\/\" title=\"Kniegelenkersatzoperation\" target=\"\">\n            <div class=\"page-box box has-hover\">\n                  <div class=\"box-image\" >\n                      <div class=\"box-image\" >\n                      <img decoding=\"async\" width=\"1600\" height=\"900\" src=\"https:\/\/www.drmuratdemirel.com\/wp-content\/uploads\/2025\/06\/Diz-Protezi.jpg\" class=\"attachment-2048x2048 size-2048x2048\" alt=\"\" srcset=\"https:\/\/www.drmuratdemirel.com\/wp-content\/uploads\/2025\/06\/Diz-Protezi.jpg 1600w, https:\/\/www.drmuratdemirel.com\/wp-content\/uploads\/2025\/06\/Diz-Protezi-711x400.jpg 711w, https:\/\/www.drmuratdemirel.com\/wp-content\/uploads\/2025\/06\/Diz-Protezi-1400x788.jpg 1400w, https:\/\/www.drmuratdemirel.com\/wp-content\/uploads\/2025\/06\/Diz-Protezi-768x432.jpg 768w, https:\/\/www.drmuratdemirel.com\/wp-content\/uploads\/2025\/06\/Diz-Protezi-1536x864.jpg 1536w\" sizes=\"(max-width: 1600px) 100vw, 1600px\" \/>                      <\/div>\n                                                              <\/div>\n                  <div class=\"box-text text-center dark\" style=\"background-color:rgb(40, 94, 190);\">\n                        <div class=\"box-text-inner\">\n                            <p>Kniegelenkersatzoperation<\/p>\n                        <\/div>\n                  <\/div>\n              <\/div>\n            <\/a>\n            <\/div>\n          <\/div><div class=\"page-col col\" >\n          <div class=\"col-inner\" >\n          <a class=\"block plain\" href=\"https:\/\/www.drmuratdemirel.com\/de\/kniebehandlungen\/knorpelverletzung-im-knie\/\" title=\"Knorpelverletzung im Knie\" target=\"\">\n            <div class=\"page-box box has-hover\">\n                  <div class=\"box-image\" >\n                      <div class=\"box-image\" >\n                      <img decoding=\"async\" width=\"1600\" height=\"900\" src=\"https:\/\/www.drmuratdemirel.com\/wp-content\/uploads\/2025\/06\/Dizde-Kikirdak-Sorunlari.jpg\" class=\"attachment-2048x2048 size-2048x2048\" alt=\"\" srcset=\"https:\/\/www.drmuratdemirel.com\/wp-content\/uploads\/2025\/06\/Dizde-Kikirdak-Sorunlari.jpg 1600w, https:\/\/www.drmuratdemirel.com\/wp-content\/uploads\/2025\/06\/Dizde-Kikirdak-Sorunlari-711x400.jpg 711w, https:\/\/www.drmuratdemirel.com\/wp-content\/uploads\/2025\/06\/Dizde-Kikirdak-Sorunlari-1400x788.jpg 1400w, https:\/\/www.drmuratdemirel.com\/wp-content\/uploads\/2025\/06\/Dizde-Kikirdak-Sorunlari-768x432.jpg 768w, https:\/\/www.drmuratdemirel.com\/wp-content\/uploads\/2025\/06\/Dizde-Kikirdak-Sorunlari-1536x864.jpg 1536w\" sizes=\"(max-width: 1600px) 100vw, 1600px\" \/>                      <\/div>\n                                                              <\/div>\n                  <div class=\"box-text text-center dark\" style=\"background-color:rgb(40, 94, 190);\">\n                        <div class=\"box-text-inner\">\n                            <p>Knorpelverletzung im Knie<\/p>\n                        <\/div>\n                  <\/div>\n              <\/div>\n            <\/a>\n            <\/div>\n          <\/div><div class=\"page-col col\" >\n          <div class=\"col-inner\" >\n          <a class=\"block plain\" href=\"https:\/\/www.drmuratdemirel.com\/de\/kniebehandlungen\/meniskusriss-operation\/\" title=\"Meniskusriss-Operation\" target=\"\">\n            <div class=\"page-box box has-hover\">\n                  <div class=\"box-image\" >\n                      <div class=\"box-image\" >\n                      <img decoding=\"async\" width=\"1600\" height=\"900\" src=\"https:\/\/www.drmuratdemirel.com\/wp-content\/uploads\/2025\/06\/Meniskus-Yirtigi-ve-Tedavisi.jpg\" class=\"attachment-2048x2048 size-2048x2048\" alt=\"\" srcset=\"https:\/\/www.drmuratdemirel.com\/wp-content\/uploads\/2025\/06\/Meniskus-Yirtigi-ve-Tedavisi.jpg 1600w, https:\/\/www.drmuratdemirel.com\/wp-content\/uploads\/2025\/06\/Meniskus-Yirtigi-ve-Tedavisi-711x400.jpg 711w, https:\/\/www.drmuratdemirel.com\/wp-content\/uploads\/2025\/06\/Meniskus-Yirtigi-ve-Tedavisi-1400x788.jpg 1400w, https:\/\/www.drmuratdemirel.com\/wp-content\/uploads\/2025\/06\/Meniskus-Yirtigi-ve-Tedavisi-768x432.jpg 768w, https:\/\/www.drmuratdemirel.com\/wp-content\/uploads\/2025\/06\/Meniskus-Yirtigi-ve-Tedavisi-1536x864.jpg 1536w\" sizes=\"(max-width: 1600px) 100vw, 1600px\" \/>                      <\/div>\n                                                              <\/div>\n                  <div class=\"box-text text-center dark\" style=\"background-color:rgb(40, 94, 190);\">\n                        <div class=\"box-text-inner\">\n                            <p>Meniskusriss-Operation<\/p>\n                        <\/div>\n                  <\/div>\n              <\/div>\n            <\/a>\n            <\/div>\n          <\/div><div class=\"page-col col\" >\n          <div class=\"col-inner\" >\n          <a class=\"block plain\" href=\"https:\/\/www.drmuratdemirel.com\/de\/kniebehandlungen\/vorderer-kreuzbandriss\/\" title=\"Vorderer Kreuzbandriss\" target=\"\">\n            <div class=\"page-box box has-hover\">\n                  <div class=\"box-image\" >\n                      <div class=\"box-image\" >\n                      <img decoding=\"async\" width=\"1600\" height=\"900\" src=\"https:\/\/www.drmuratdemirel.com\/wp-content\/uploads\/2025\/06\/On-Capraz-Bag-Yirtigi.jpg\" class=\"attachment-2048x2048 size-2048x2048\" alt=\"\" srcset=\"https:\/\/www.drmuratdemirel.com\/wp-content\/uploads\/2025\/06\/On-Capraz-Bag-Yirtigi.jpg 1600w, https:\/\/www.drmuratdemirel.com\/wp-content\/uploads\/2025\/06\/On-Capraz-Bag-Yirtigi-711x400.jpg 711w, https:\/\/www.drmuratdemirel.com\/wp-content\/uploads\/2025\/06\/On-Capraz-Bag-Yirtigi-1400x788.jpg 1400w, https:\/\/www.drmuratdemirel.com\/wp-content\/uploads\/2025\/06\/On-Capraz-Bag-Yirtigi-768x432.jpg 768w, https:\/\/www.drmuratdemirel.com\/wp-content\/uploads\/2025\/06\/On-Capraz-Bag-Yirtigi-1536x864.jpg 1536w\" sizes=\"(max-width: 1600px) 100vw, 1600px\" \/>                      <\/div>\n                                                              <\/div>\n                  <div class=\"box-text text-center dark\" style=\"background-color:rgb(40, 94, 190);\">\n                        <div class=\"box-text-inner\">\n                            <p>Vorderer Kreuzbandriss<\/p>\n                        <\/div>\n                  <\/div>\n              <\/div>\n            <\/a>\n            <\/div>\n          <\/div><div class=\"page-col col\" >\n          <div class=\"col-inner\" >\n          <a class=\"block plain\" href=\"https:\/\/www.drmuratdemirel.com\/de\/kniebehandlungen\/behandlung-der-kniearthrose\/\" title=\"Behandlung der Kniearthrose\" target=\"\">\n            <div class=\"page-box box has-hover\">\n                  <div class=\"box-image\" >\n                      <div class=\"box-image\" >\n                      <img decoding=\"async\" width=\"1600\" height=\"900\" src=\"https:\/\/www.drmuratdemirel.com\/wp-content\/uploads\/2025\/06\/Dizde-Kireclenme-Artrit.jpg\" class=\"attachment-2048x2048 size-2048x2048\" alt=\"\" srcset=\"https:\/\/www.drmuratdemirel.com\/wp-content\/uploads\/2025\/06\/Dizde-Kireclenme-Artrit.jpg 1600w, https:\/\/www.drmuratdemirel.com\/wp-content\/uploads\/2025\/06\/Dizde-Kireclenme-Artrit-711x400.jpg 711w, https:\/\/www.drmuratdemirel.com\/wp-content\/uploads\/2025\/06\/Dizde-Kireclenme-Artrit-1400x788.jpg 1400w, https:\/\/www.drmuratdemirel.com\/wp-content\/uploads\/2025\/06\/Dizde-Kireclenme-Artrit-768x432.jpg 768w, https:\/\/www.drmuratdemirel.com\/wp-content\/uploads\/2025\/06\/Dizde-Kireclenme-Artrit-1536x864.jpg 1536w\" sizes=\"(max-width: 1600px) 100vw, 1600px\" \/>                      <\/div>\n                                                              <\/div>\n                  <div class=\"box-text text-center dark\" style=\"background-color:rgb(40, 94, 190);\">\n                        <div class=\"box-text-inner\">\n                            <p>Behandlung der Kniearthrose<\/p>\n                        <\/div>\n                  <\/div>\n              <\/div>\n            <\/a>\n            <\/div>\n          <\/div><div class=\"page-col col\" >\n          <div class=\"col-inner\" >\n          <a class=\"block plain\" href=\"https:\/\/www.drmuratdemirel.com\/de\/kniebehandlungen\/teilweiser-kniegelenkersatz-unikondylaer\/\" title=\"Teilweiser Kniegelenkersatz (unikondyl\u00e4r)\" target=\"\">\n            <div class=\"page-box box has-hover\">\n                  <div class=\"box-image\" >\n                      <div class=\"box-image\" >\n                      <img decoding=\"async\" width=\"1600\" height=\"900\" src=\"https:\/\/www.drmuratdemirel.com\/wp-content\/uploads\/2025\/06\/Yarim-Diz-Unikondiler-Protezler.jpg\" class=\"attachment-2048x2048 size-2048x2048\" alt=\"\" srcset=\"https:\/\/www.drmuratdemirel.com\/wp-content\/uploads\/2025\/06\/Yarim-Diz-Unikondiler-Protezler.jpg 1600w, https:\/\/www.drmuratdemirel.com\/wp-content\/uploads\/2025\/06\/Yarim-Diz-Unikondiler-Protezler-711x400.jpg 711w, https:\/\/www.drmuratdemirel.com\/wp-content\/uploads\/2025\/06\/Yarim-Diz-Unikondiler-Protezler-1400x788.jpg 1400w, https:\/\/www.drmuratdemirel.com\/wp-content\/uploads\/2025\/06\/Yarim-Diz-Unikondiler-Protezler-768x432.jpg 768w, https:\/\/www.drmuratdemirel.com\/wp-content\/uploads\/2025\/06\/Yarim-Diz-Unikondiler-Protezler-1536x864.jpg 1536w\" sizes=\"(max-width: 1600px) 100vw, 1600px\" \/>                      <\/div>\n                                                              <\/div>\n                  <div class=\"box-text text-center dark\" style=\"background-color:rgb(40, 94, 190);\">\n                        <div class=\"box-text-inner\">\n                            <p>Teilweiser Kniegelenkersatz (unikondyl\u00e4r)<\/p>\n                        <\/div>\n                  <\/div>\n              <\/div>\n            <\/a>\n            <\/div>\n          <\/div><div class=\"page-col col\" >\n          <div class=\"col-inner\" >\n          <a class=\"block plain\" href=\"https:\/\/www.drmuratdemirel.com\/de\/kniebehandlungen\/knieschmerzen\/\" title=\"Knieschmerzen\" target=\"\">\n            <div class=\"page-box box has-hover\">\n                  <div class=\"box-image\" >\n                      <div class=\"box-image\" >\n                      <img decoding=\"async\" width=\"1600\" height=\"900\" src=\"https:\/\/www.drmuratdemirel.com\/wp-content\/uploads\/2025\/06\/Diz-Agrisi.jpg\" class=\"attachment-2048x2048 size-2048x2048\" alt=\"\" srcset=\"https:\/\/www.drmuratdemirel.com\/wp-content\/uploads\/2025\/06\/Diz-Agrisi.jpg 1600w, https:\/\/www.drmuratdemirel.com\/wp-content\/uploads\/2025\/06\/Diz-Agrisi-711x400.jpg 711w, https:\/\/www.drmuratdemirel.com\/wp-content\/uploads\/2025\/06\/Diz-Agrisi-1400x788.jpg 1400w, https:\/\/www.drmuratdemirel.com\/wp-content\/uploads\/2025\/06\/Diz-Agrisi-768x432.jpg 768w, https:\/\/www.drmuratdemirel.com\/wp-content\/uploads\/2025\/06\/Diz-Agrisi-1536x864.jpg 1536w\" sizes=\"(max-width: 1600px) 100vw, 1600px\" \/>                      <\/div>\n                                                              <\/div>\n                  <div class=\"box-text text-center dark\" style=\"background-color:rgb(40, 94, 190);\">\n                        <div class=\"box-text-inner\">\n                            <p>Knieschmerzen<\/p>\n                        <\/div>\n                  <\/div>\n              <\/div>\n            <\/a>\n            <\/div>\n          <\/div><\/div>\n\t\t<\/div>\n\t\t\t\t\t<\/div>\n\n\t\n<\/div>\n\t\t<\/div>\n\n\t\t\n<style>\n#section_731858579 {\n  padding-top: 30px;\n  padding-bottom: 30px;\n}\n<\/style>\n\t<\/section>\n\t\n","protected":false},"excerpt":{"rendered":"","protected":false},"author":1,"featured_media":2421,"parent":0,"menu_order":0,"comment_status":"closed","ping_status":"closed","template":"page-blank.php","meta":{"footnotes":""},"class_list":["post-2540","page","type-page","status-publish","has-post-thumbnail","hentry"],"_links":{"self":[{"href":"https:\/\/www.drmuratdemirel.com\/de\/wp-json\/wp\/v2\/pages\/2540","targetHints":{"allow":["GET"]}}],"collection":[{"href":"https:\/\/www.drmuratdemirel.com\/de\/wp-json\/wp\/v2\/pages"}],"about":[{"href":"https:\/\/www.drmuratdemirel.com\/de\/wp-json\/wp\/v2\/types\/page"}],"author":[{"embeddable":true,"href":"https:\/\/www.drmuratdemirel.com\/de\/wp-json\/wp\/v2\/users\/1"}],"replies":[{"embeddable":true,"href":"https:\/\/www.drmuratdemirel.com\/de\/wp-json\/wp\/v2\/comments?post=2540"}],"version-history":[{"count":2,"href":"https:\/\/www.drmuratdemirel.com\/de\/wp-json\/wp\/v2\/pages\/2540\/revisions"}],"predecessor-version":[{"id":2563,"href":"https:\/\/www.drmuratdemirel.com\/de\/wp-json\/wp\/v2\/pages\/2540\/revisions\/2563"}],"wp:featuredmedia":[{"embeddable":true,"href":"https:\/\/www.drmuratdemirel.com\/de\/wp-json\/wp\/v2\/media\/2421"}],"wp:attachment":[{"href":"https:\/\/www.drmuratdemirel.com\/de\/wp-json\/wp\/v2\/media?parent=2540"}],"curies":[{"name":"wp","href":"https:\/\/api.w.org\/{rel}","templated":true}]}}