{"id":2405,"date":"2025-06-13T11:42:10","date_gmt":"2025-06-13T08:42:10","guid":{"rendered":"https:\/\/www.drmuratdemirel.com\/?page_id=2405"},"modified":"2025-12-03T10:59:56","modified_gmt":"2025-12-03T07:59:56","slug":"fussbehandlungen","status":"publish","type":"page","link":"https:\/\/www.drmuratdemirel.com\/de\/fussbehandlungen\/","title":{"rendered":"Fu\u00dfbehandlungen"},"content":{"rendered":"\n\t<section class=\"section\" id=\"section_1823087380\">\n\t\t<div class=\"section-bg fill\" >\n\t\t\t\t\t\t\t\t\t\n\t\t\t\n\n\t\t<\/div>\n\n\t\t\n\n\t\t<div class=\"section-content relative\">\n\t\t\t\n  <div id=\"page-header-1265711166\" class=\"page-header-wrapper\">\n  <div class=\"page-title dark simple-title\">\n\n    \n    <div class=\"page-title-inner container align-center flex-row medium-flex-wrap\" >\n              <div class=\"title-wrapper flex-col text-left medium-text-center\">\n          <h1 class=\"entry-title mb-0\">\n            Fu\u00dfbehandlungen          <\/h1>\n        <\/div>\n                    <div class=\"title-content flex-col flex-right text-right medium-text-center\">\n        <div class=\"title-breadcrumbs pb-half pt-half\"><\/div>      <\/div>\n    <\/div>\n\n       <\/div>\n    <\/div>\n  \n\t\t<\/div>\n\n\t\t\n<style>\n#section_1823087380 {\n  padding-top: 30px;\n  padding-bottom: 30px;\n  background-color: #285ebe;\n}\n<\/style>\n\t<\/section>\n\t\n\n\t<section class=\"section\" id=\"section_421409490\">\n\t\t<div class=\"section-bg fill\" >\n\t\t\t\t\t\t\t\t\t\n\t\t\t\n\n\t\t<\/div>\n\n\t\t\n\n\t\t<div class=\"section-content relative\">\n\t\t\t\n<div class=\"row\"  id=\"row-322497997\">\n\n\t<div id=\"col-1361204993\" class=\"col small-12 large-12\"  >\n\t\t\t\t<div class=\"col-inner\"  >\n\t\t\t\n\t\t\t\n<p>Fu\u00df- und Sprunggelenkserkrankungen entstehen durch Verletzungen oder degenerative Ver\u00e4nderungen in den Gelenken, B\u00e4ndern, Sehnen und Knochenstrukturen. Verstauchungen, Arthrose, Fersensporn und Sehnenverletzungen geh\u00f6ren zu den h\u00e4ufigsten Problemen. Schmerzen und Funktionsverlust sind die wichtigsten Symptome.<\/p>\n<p>Verstauchungen des Sprunggelenks treten h\u00e4ufig nach pl\u00f6tzlichen Bewegungen oder Sportverletzungen auf. Eine \u00fcberm\u00e4\u00dfige Dehnung oder ein Riss der B\u00e4nder f\u00fchrt zu Schwellung, Bluterg\u00fcssen und eingeschr\u00e4nkter Beweglichkeit im Gelenk. Eine genaue Diagnose und fr\u00fchzeitige Behandlung verhindern chronische Instabilit\u00e4t und wiederkehrende Verletzungen.<\/p>\n<p>Fu\u00dferkrankungen umfassen auch Probleme wie Fersensporn, Plattfu\u00df, Hallux valgus und eingewachsene Zehenn\u00e4gel. Diese St\u00f6rungen beeintr\u00e4chtigen den Gehkomfort und k\u00f6nnen langfristig zu Haltungsproblemen f\u00fchren. Ma\u00dfgefertigte Einlagen und die richtige Schuhwahl sind wichtig.<\/p>\n<p>Die Behandlung von Fu\u00df- und Sprunggelenksschmerzen umfasst Medikamente, Physiotherapie, orthop\u00e4dische Hilfsmittel und chirurgische Eingriffe. W\u00e4hrend eine konservative Behandlung in milden F\u00e4llen ausreicht, kann bei schweren Bandverletzungen oder fortgeschrittenen Gelenksch\u00e4den eine operative Intervention erforderlich sein.<\/p>\n\n  \n    <div class=\"row large-columns-3 medium-columns- small-columns-2\" >\n  <div class=\"page-col col\" >\n          <div class=\"col-inner\" >\n          <a class=\"block plain\" href=\"https:\/\/www.drmuratdemirel.com\/de\/fussbehandlungen\/bandverletzung-am-sprunggelenk\/\" title=\"Bandverletzung am Sprunggelenk\" target=\"\">\n            <div class=\"page-box box has-hover\">\n                  <div class=\"box-image\" >\n                      <div class=\"box-image\" >\n                      <img decoding=\"async\" width=\"1600\" height=\"900\" src=\"https:\/\/www.drmuratdemirel.com\/wp-content\/uploads\/2025\/06\/Ayak-Bilegi-Bag-Yaralanmasi.jpg\" class=\"attachment-2048x2048 size-2048x2048\" alt=\"\" srcset=\"https:\/\/www.drmuratdemirel.com\/wp-content\/uploads\/2025\/06\/Ayak-Bilegi-Bag-Yaralanmasi.jpg 1600w, https:\/\/www.drmuratdemirel.com\/wp-content\/uploads\/2025\/06\/Ayak-Bilegi-Bag-Yaralanmasi-711x400.jpg 711w, https:\/\/www.drmuratdemirel.com\/wp-content\/uploads\/2025\/06\/Ayak-Bilegi-Bag-Yaralanmasi-1400x788.jpg 1400w, https:\/\/www.drmuratdemirel.com\/wp-content\/uploads\/2025\/06\/Ayak-Bilegi-Bag-Yaralanmasi-768x432.jpg 768w, https:\/\/www.drmuratdemirel.com\/wp-content\/uploads\/2025\/06\/Ayak-Bilegi-Bag-Yaralanmasi-1536x864.jpg 1536w\" sizes=\"(max-width: 1600px) 100vw, 1600px\" \/>                      <\/div>\n                                                              <\/div>\n                  <div class=\"box-text text-center dark\" style=\"background-color:rgb(40, 94, 190);\">\n                        <div class=\"box-text-inner\">\n                            <p>Bandverletzung am Sprunggelenk<\/p>\n                        <\/div>\n                  <\/div>\n              <\/div>\n            <\/a>\n            <\/div>\n          <\/div><div class=\"page-col col\" >\n          <div class=\"col-inner\" >\n          <a class=\"block plain\" href=\"https:\/\/www.drmuratdemirel.com\/de\/fussbehandlungen\/behandlung-der-achillessehnenentzuendung\/\" title=\"Behandlung der Achillessehnenentz\u00fcndung\" target=\"\">\n            <div class=\"page-box box has-hover\">\n                  <div class=\"box-image\" >\n                      <div class=\"box-image\" >\n                      <img decoding=\"async\" width=\"1600\" height=\"900\" src=\"https:\/\/www.drmuratdemirel.com\/wp-content\/uploads\/2025\/06\/Asil-Tendiniti.jpg\" class=\"attachment-2048x2048 size-2048x2048\" alt=\"\" srcset=\"https:\/\/www.drmuratdemirel.com\/wp-content\/uploads\/2025\/06\/Asil-Tendiniti.jpg 1600w, https:\/\/www.drmuratdemirel.com\/wp-content\/uploads\/2025\/06\/Asil-Tendiniti-711x400.jpg 711w, https:\/\/www.drmuratdemirel.com\/wp-content\/uploads\/2025\/06\/Asil-Tendiniti-1400x788.jpg 1400w, https:\/\/www.drmuratdemirel.com\/wp-content\/uploads\/2025\/06\/Asil-Tendiniti-768x432.jpg 768w, https:\/\/www.drmuratdemirel.com\/wp-content\/uploads\/2025\/06\/Asil-Tendiniti-1536x864.jpg 1536w\" sizes=\"(max-width: 1600px) 100vw, 1600px\" \/>                      <\/div>\n                                                              <\/div>\n                  <div class=\"box-text text-center dark\" style=\"background-color:rgb(40, 94, 190);\">\n                        <div class=\"box-text-inner\">\n                            <p>Behandlung der Achillessehnenentz\u00fcndung<\/p>\n                        <\/div>\n                  <\/div>\n              <\/div>\n            <\/a>\n            <\/div>\n          <\/div><div class=\"page-col col\" >\n          <div class=\"col-inner\" >\n          <a class=\"block plain\" href=\"https:\/\/www.drmuratdemirel.com\/de\/fussbehandlungen\/osteochondrale-laesionen-des-talus-knorpelschaden\/\" title=\"Osteochondrale L\u00e4sionen des Talus (Knorpelschaden)\" target=\"\">\n            <div class=\"page-box box has-hover\">\n                  <div class=\"box-image\" >\n                      <div class=\"box-image\" >\n                      <img decoding=\"async\" width=\"1600\" height=\"900\" src=\"https:\/\/www.drmuratdemirel.com\/wp-content\/uploads\/2025\/06\/Talus-osteokondral-lezyonlar-kikirdak-hasari.jpg\" class=\"attachment-2048x2048 size-2048x2048\" alt=\"\" srcset=\"https:\/\/www.drmuratdemirel.com\/wp-content\/uploads\/2025\/06\/Talus-osteokondral-lezyonlar-kikirdak-hasari.jpg 1600w, https:\/\/www.drmuratdemirel.com\/wp-content\/uploads\/2025\/06\/Talus-osteokondral-lezyonlar-kikirdak-hasari-711x400.jpg 711w, https:\/\/www.drmuratdemirel.com\/wp-content\/uploads\/2025\/06\/Talus-osteokondral-lezyonlar-kikirdak-hasari-1400x788.jpg 1400w, https:\/\/www.drmuratdemirel.com\/wp-content\/uploads\/2025\/06\/Talus-osteokondral-lezyonlar-kikirdak-hasari-768x432.jpg 768w, https:\/\/www.drmuratdemirel.com\/wp-content\/uploads\/2025\/06\/Talus-osteokondral-lezyonlar-kikirdak-hasari-1536x864.jpg 1536w\" sizes=\"(max-width: 1600px) 100vw, 1600px\" \/>                      <\/div>\n                                                              <\/div>\n                  <div class=\"box-text text-center dark\" style=\"background-color:rgb(40, 94, 190);\">\n                        <div class=\"box-text-inner\">\n                            <p>Osteochondrale L\u00e4sionen des Talus (Knorpelschaden)<\/p>\n                        <\/div>\n                  <\/div>\n              <\/div>\n            <\/a>\n            <\/div>\n          <\/div><div class=\"page-col col\" >\n          <div class=\"col-inner\" >\n          <a class=\"block plain\" href=\"https:\/\/www.drmuratdemirel.com\/de\/fussbehandlungen\/verstauchung-des-sprunggelenks\/\" title=\"Verstauchung des Sprunggelenks\" target=\"\">\n            <div class=\"page-box box has-hover\">\n                  <div class=\"box-image\" >\n                      <div class=\"box-image\" >\n                      <img decoding=\"async\" width=\"1600\" height=\"900\" src=\"https:\/\/www.drmuratdemirel.com\/wp-content\/uploads\/2025\/06\/Ayak-Burkulmasi.jpg\" class=\"attachment-2048x2048 size-2048x2048\" alt=\"\" srcset=\"https:\/\/www.drmuratdemirel.com\/wp-content\/uploads\/2025\/06\/Ayak-Burkulmasi.jpg 1600w, https:\/\/www.drmuratdemirel.com\/wp-content\/uploads\/2025\/06\/Ayak-Burkulmasi-711x400.jpg 711w, https:\/\/www.drmuratdemirel.com\/wp-content\/uploads\/2025\/06\/Ayak-Burkulmasi-1400x788.jpg 1400w, https:\/\/www.drmuratdemirel.com\/wp-content\/uploads\/2025\/06\/Ayak-Burkulmasi-768x432.jpg 768w, https:\/\/www.drmuratdemirel.com\/wp-content\/uploads\/2025\/06\/Ayak-Burkulmasi-1536x864.jpg 1536w\" sizes=\"(max-width: 1600px) 100vw, 1600px\" \/>                      <\/div>\n                                                              <\/div>\n                  <div class=\"box-text text-center dark\" style=\"background-color:rgb(40, 94, 190);\">\n                        <div class=\"box-text-inner\">\n                            <p>Verstauchung des Sprunggelenks<\/p>\n                        <\/div>\n                  <\/div>\n              <\/div>\n            <\/a>\n            <\/div>\n          <\/div><div class=\"page-col col\" >\n          <div class=\"col-inner\" >\n          <a class=\"block plain\" href=\"https:\/\/www.drmuratdemirel.com\/de\/fussbehandlungen\/ermuedungsbruch-des-fusses\/\" title=\"Erm\u00fcdungsbruch des Fu\u00dfes\" target=\"\">\n            <div class=\"page-box box has-hover\">\n                  <div class=\"box-image\" >\n                      <div class=\"box-image\" >\n                      <img decoding=\"async\" width=\"1600\" height=\"900\" src=\"https:\/\/www.drmuratdemirel.com\/wp-content\/uploads\/2025\/06\/Ayakta-Stres-Kirigi.jpg\" class=\"attachment-2048x2048 size-2048x2048\" alt=\"\" srcset=\"https:\/\/www.drmuratdemirel.com\/wp-content\/uploads\/2025\/06\/Ayakta-Stres-Kirigi.jpg 1600w, https:\/\/www.drmuratdemirel.com\/wp-content\/uploads\/2025\/06\/Ayakta-Stres-Kirigi-711x400.jpg 711w, https:\/\/www.drmuratdemirel.com\/wp-content\/uploads\/2025\/06\/Ayakta-Stres-Kirigi-1400x788.jpg 1400w, https:\/\/www.drmuratdemirel.com\/wp-content\/uploads\/2025\/06\/Ayakta-Stres-Kirigi-768x432.jpg 768w, https:\/\/www.drmuratdemirel.com\/wp-content\/uploads\/2025\/06\/Ayakta-Stres-Kirigi-1536x864.jpg 1536w\" sizes=\"(max-width: 1600px) 100vw, 1600px\" \/>                      <\/div>\n                                                              <\/div>\n                  <div class=\"box-text text-center dark\" style=\"background-color:rgb(40, 94, 190);\">\n                        <div class=\"box-text-inner\">\n                            <p>Erm\u00fcdungsbruch des Fu\u00dfes<\/p>\n                        <\/div>\n                  <\/div>\n              <\/div>\n            <\/a>\n            <\/div>\n          <\/div><div class=\"page-col col\" >\n          <div class=\"col-inner\" >\n          <a class=\"block plain\" href=\"https:\/\/www.drmuratdemirel.com\/de\/fussbehandlungen\/knorpelverletzung-im-sprunggelenk\/\" title=\"Knorpelverletzung im Sprunggelenk\" target=\"\">\n            <div class=\"page-box box has-hover\">\n                  <div class=\"box-image\" >\n                      <div class=\"box-image\" >\n                      <img decoding=\"async\" width=\"1600\" height=\"900\" src=\"https:\/\/www.drmuratdemirel.com\/wp-content\/uploads\/2025\/06\/Ayak-Bilegi-Kikirdak-Tedavisi.jpg\" class=\"attachment-2048x2048 size-2048x2048\" alt=\"\" srcset=\"https:\/\/www.drmuratdemirel.com\/wp-content\/uploads\/2025\/06\/Ayak-Bilegi-Kikirdak-Tedavisi.jpg 1600w, https:\/\/www.drmuratdemirel.com\/wp-content\/uploads\/2025\/06\/Ayak-Bilegi-Kikirdak-Tedavisi-711x400.jpg 711w, https:\/\/www.drmuratdemirel.com\/wp-content\/uploads\/2025\/06\/Ayak-Bilegi-Kikirdak-Tedavisi-1400x788.jpg 1400w, https:\/\/www.drmuratdemirel.com\/wp-content\/uploads\/2025\/06\/Ayak-Bilegi-Kikirdak-Tedavisi-768x432.jpg 768w, https:\/\/www.drmuratdemirel.com\/wp-content\/uploads\/2025\/06\/Ayak-Bilegi-Kikirdak-Tedavisi-1536x864.jpg 1536w\" sizes=\"(max-width: 1600px) 100vw, 1600px\" \/>                      <\/div>\n                                                              <\/div>\n                  <div class=\"box-text text-center dark\" style=\"background-color:rgb(40, 94, 190);\">\n                        <div class=\"box-text-inner\">\n                            <p>Knorpelverletzung im Sprunggelenk<\/p>\n                        <\/div>\n                  <\/div>\n              <\/div>\n            <\/a>\n            <\/div>\n          <\/div><div class=\"page-col col\" >\n          <div class=\"col-inner\" >\n          <a class=\"block plain\" href=\"https:\/\/www.drmuratdemirel.com\/de\/fussbehandlungen\/sprunggelenksbruch\/\" title=\"Sprunggelenksbruch\" target=\"\">\n            <div class=\"page-box box has-hover\">\n                  <div class=\"box-image\" >\n                      <div class=\"box-image\" >\n                      <img decoding=\"async\" width=\"1600\" height=\"900\" src=\"https:\/\/www.drmuratdemirel.com\/wp-content\/uploads\/2025\/06\/Ayak-Bilegi-Kiriklari.jpg\" class=\"attachment-2048x2048 size-2048x2048\" alt=\"\" srcset=\"https:\/\/www.drmuratdemirel.com\/wp-content\/uploads\/2025\/06\/Ayak-Bilegi-Kiriklari.jpg 1600w, https:\/\/www.drmuratdemirel.com\/wp-content\/uploads\/2025\/06\/Ayak-Bilegi-Kiriklari-711x400.jpg 711w, https:\/\/www.drmuratdemirel.com\/wp-content\/uploads\/2025\/06\/Ayak-Bilegi-Kiriklari-1400x788.jpg 1400w, https:\/\/www.drmuratdemirel.com\/wp-content\/uploads\/2025\/06\/Ayak-Bilegi-Kiriklari-768x432.jpg 768w, https:\/\/www.drmuratdemirel.com\/wp-content\/uploads\/2025\/06\/Ayak-Bilegi-Kiriklari-1536x864.jpg 1536w\" sizes=\"(max-width: 1600px) 100vw, 1600px\" \/>                      <\/div>\n                                                              <\/div>\n                  <div class=\"box-text text-center dark\" style=\"background-color:rgb(40, 94, 190);\">\n                        <div class=\"box-text-inner\">\n                            <p>Sprunggelenksbruch<\/p>\n                        <\/div>\n                  <\/div>\n              <\/div>\n            <\/a>\n            <\/div>\n          <\/div><div class=\"page-col col\" >\n          <div class=\"col-inner\" >\n          <a class=\"block plain\" href=\"https:\/\/www.drmuratdemirel.com\/de\/fussbehandlungen\/achillessehnenoperation\/\" title=\"Achillessehnenoperation\" target=\"\">\n            <div class=\"page-box box has-hover\">\n                  <div class=\"box-image\" >\n                      <div class=\"box-image\" >\n                      <img decoding=\"async\" width=\"1600\" height=\"900\" src=\"https:\/\/www.drmuratdemirel.com\/wp-content\/uploads\/2025\/06\/Asil-tendon-kopmasi.jpg\" class=\"attachment-2048x2048 size-2048x2048\" alt=\"\" srcset=\"https:\/\/www.drmuratdemirel.com\/wp-content\/uploads\/2025\/06\/Asil-tendon-kopmasi.jpg 1600w, https:\/\/www.drmuratdemirel.com\/wp-content\/uploads\/2025\/06\/Asil-tendon-kopmasi-711x400.jpg 711w, https:\/\/www.drmuratdemirel.com\/wp-content\/uploads\/2025\/06\/Asil-tendon-kopmasi-1400x788.jpg 1400w, https:\/\/www.drmuratdemirel.com\/wp-content\/uploads\/2025\/06\/Asil-tendon-kopmasi-768x432.jpg 768w, https:\/\/www.drmuratdemirel.com\/wp-content\/uploads\/2025\/06\/Asil-tendon-kopmasi-1536x864.jpg 1536w\" sizes=\"(max-width: 1600px) 100vw, 1600px\" \/>                      <\/div>\n                                                              <\/div>\n                  <div class=\"box-text text-center dark\" style=\"background-color:rgb(40, 94, 190);\">\n                        <div class=\"box-text-inner\">\n                            <p>Achillessehnenoperation<\/p>\n                        <\/div>\n                  <\/div>\n              <\/div>\n            <\/a>\n            <\/div>\n          <\/div><div class=\"page-col col\" >\n          <div class=\"col-inner\" >\n          <a class=\"block plain\" href=\"https:\/\/www.drmuratdemirel.com\/de\/fussbehandlungen\/hallux-valgus-ballenzeh\/\" title=\"Hallux Valgus (Ballenzeh)\" target=\"\">\n            <div class=\"page-box box has-hover\">\n                  <div class=\"box-image\" >\n                      <div class=\"box-image\" >\n                      <img decoding=\"async\" width=\"1600\" height=\"900\" src=\"https:\/\/www.drmuratdemirel.com\/wp-content\/uploads\/2025\/06\/Halluks-Valgus-Tedavisi.jpg\" class=\"attachment-2048x2048 size-2048x2048\" alt=\"\" srcset=\"https:\/\/www.drmuratdemirel.com\/wp-content\/uploads\/2025\/06\/Halluks-Valgus-Tedavisi.jpg 1600w, https:\/\/www.drmuratdemirel.com\/wp-content\/uploads\/2025\/06\/Halluks-Valgus-Tedavisi-711x400.jpg 711w, https:\/\/www.drmuratdemirel.com\/wp-content\/uploads\/2025\/06\/Halluks-Valgus-Tedavisi-1400x788.jpg 1400w, https:\/\/www.drmuratdemirel.com\/wp-content\/uploads\/2025\/06\/Halluks-Valgus-Tedavisi-768x432.jpg 768w, https:\/\/www.drmuratdemirel.com\/wp-content\/uploads\/2025\/06\/Halluks-Valgus-Tedavisi-1536x864.jpg 1536w\" sizes=\"(max-width: 1600px) 100vw, 1600px\" \/>                      <\/div>\n                                                              <\/div>\n                  <div class=\"box-text text-center dark\" style=\"background-color:rgb(40, 94, 190);\">\n                        <div class=\"box-text-inner\">\n                            <p>Hallux Valgus (Ballenzeh)<\/p>\n                        <\/div>\n                  <\/div>\n              <\/div>\n            <\/a>\n            <\/div>\n          <\/div><div class=\"page-col col\" >\n          <div class=\"col-inner\" >\n          <a class=\"block plain\" href=\"https:\/\/www.drmuratdemirel.com\/de\/fussbehandlungen\/sprunggelenkarthroskopie\/\" title=\"Sprunggelenkarthroskopie\" target=\"\">\n            <div class=\"page-box box has-hover\">\n                  <div class=\"box-image\" >\n                      <div class=\"box-image\" >\n                      <img decoding=\"async\" width=\"1600\" height=\"900\" src=\"https:\/\/www.drmuratdemirel.com\/wp-content\/uploads\/2025\/06\/Ayak-Bilegi-Artroskopisi.jpg\" class=\"attachment-2048x2048 size-2048x2048\" alt=\"\" srcset=\"https:\/\/www.drmuratdemirel.com\/wp-content\/uploads\/2025\/06\/Ayak-Bilegi-Artroskopisi.jpg 1600w, https:\/\/www.drmuratdemirel.com\/wp-content\/uploads\/2025\/06\/Ayak-Bilegi-Artroskopisi-711x400.jpg 711w, https:\/\/www.drmuratdemirel.com\/wp-content\/uploads\/2025\/06\/Ayak-Bilegi-Artroskopisi-1400x788.jpg 1400w, https:\/\/www.drmuratdemirel.com\/wp-content\/uploads\/2025\/06\/Ayak-Bilegi-Artroskopisi-768x432.jpg 768w, https:\/\/www.drmuratdemirel.com\/wp-content\/uploads\/2025\/06\/Ayak-Bilegi-Artroskopisi-1536x864.jpg 1536w\" sizes=\"(max-width: 1600px) 100vw, 1600px\" \/>                      <\/div>\n                                                              <\/div>\n                  <div class=\"box-text text-center dark\" style=\"background-color:rgb(40, 94, 190);\">\n                        <div class=\"box-text-inner\">\n                            <p>Sprunggelenkarthroskopie<\/p>\n                        <\/div>\n                  <\/div>\n              <\/div>\n            <\/a>\n            <\/div>\n          <\/div><div class=\"page-col col\" >\n          <div class=\"col-inner\" >\n          <a class=\"block plain\" href=\"https:\/\/www.drmuratdemirel.com\/de\/fussbehandlungen\/behandlung-des-fersensporns\/\" title=\"Behandlung des Fersensporns\" target=\"\">\n            <div class=\"page-box box has-hover\">\n                  <div class=\"box-image\" >\n                      <div class=\"box-image\" >\n                      <img decoding=\"async\" width=\"1600\" height=\"900\" src=\"https:\/\/www.drmuratdemirel.com\/wp-content\/uploads\/2025\/06\/Topuk-Dikeni-Tedavisi.jpg\" class=\"attachment-2048x2048 size-2048x2048\" alt=\"\" srcset=\"https:\/\/www.drmuratdemirel.com\/wp-content\/uploads\/2025\/06\/Topuk-Dikeni-Tedavisi.jpg 1600w, https:\/\/www.drmuratdemirel.com\/wp-content\/uploads\/2025\/06\/Topuk-Dikeni-Tedavisi-711x400.jpg 711w, https:\/\/www.drmuratdemirel.com\/wp-content\/uploads\/2025\/06\/Topuk-Dikeni-Tedavisi-1400x788.jpg 1400w, https:\/\/www.drmuratdemirel.com\/wp-content\/uploads\/2025\/06\/Topuk-Dikeni-Tedavisi-768x432.jpg 768w, https:\/\/www.drmuratdemirel.com\/wp-content\/uploads\/2025\/06\/Topuk-Dikeni-Tedavisi-1536x864.jpg 1536w\" sizes=\"(max-width: 1600px) 100vw, 1600px\" \/>                      <\/div>\n                                                              <\/div>\n                  <div class=\"box-text text-center dark\" style=\"background-color:rgb(40, 94, 190);\">\n                        <div class=\"box-text-inner\">\n                            <p>Behandlung des Fersensporns<\/p>\n                        <\/div>\n                  <\/div>\n              <\/div>\n            <\/a>\n            <\/div>\n          <\/div><div class=\"page-col col\" >\n          <div class=\"col-inner\" >\n          <a class=\"block plain\" href=\"https:\/\/www.drmuratdemirel.com\/de\/fussbehandlungen\/hallux-rigidus-steife-grosszehe\/\" title=\"Hallux Rigidus (steife Gro\u00dfzehe)\" target=\"\">\n            <div class=\"page-box box has-hover\">\n                  <div class=\"box-image\" >\n                      <div class=\"box-image\" >\n                      <img decoding=\"async\" width=\"1600\" height=\"900\" src=\"https:\/\/www.drmuratdemirel.com\/wp-content\/uploads\/2025\/06\/Halluks-Rijidus-Sert-Ayak-Basparmagi.jpg\" class=\"attachment-2048x2048 size-2048x2048\" alt=\"\" srcset=\"https:\/\/www.drmuratdemirel.com\/wp-content\/uploads\/2025\/06\/Halluks-Rijidus-Sert-Ayak-Basparmagi.jpg 1600w, https:\/\/www.drmuratdemirel.com\/wp-content\/uploads\/2025\/06\/Halluks-Rijidus-Sert-Ayak-Basparmagi-711x400.jpg 711w, https:\/\/www.drmuratdemirel.com\/wp-content\/uploads\/2025\/06\/Halluks-Rijidus-Sert-Ayak-Basparmagi-1400x788.jpg 1400w, https:\/\/www.drmuratdemirel.com\/wp-content\/uploads\/2025\/06\/Halluks-Rijidus-Sert-Ayak-Basparmagi-768x432.jpg 768w, https:\/\/www.drmuratdemirel.com\/wp-content\/uploads\/2025\/06\/Halluks-Rijidus-Sert-Ayak-Basparmagi-1536x864.jpg 1536w\" sizes=\"(max-width: 1600px) 100vw, 1600px\" \/>                      <\/div>\n                                                              <\/div>\n                  <div class=\"box-text text-center dark\" style=\"background-color:rgb(40, 94, 190);\">\n                        <div class=\"box-text-inner\">\n                            <p>Hallux Rigidus (steife Gro\u00dfzehe)<\/p>\n                        <\/div>\n                  <\/div>\n              <\/div>\n            <\/a>\n            <\/div>\n          <\/div><\/div>\n\t\t<\/div>\n\t\t\t\t\t<\/div>\n\n\t\n<\/div>\n\t\t<\/div>\n\n\t\t\n<style>\n#section_421409490 {\n  padding-top: 30px;\n  padding-bottom: 30px;\n}\n<\/style>\n\t<\/section>\n\t\n","protected":false},"excerpt":{"rendered":"","protected":false},"author":1,"featured_media":2404,"parent":0,"menu_order":0,"comment_status":"closed","ping_status":"closed","template":"page-blank.php","meta":{"footnotes":""},"class_list":["post-2405","page","type-page","status-publish","has-post-thumbnail","hentry"],"_links":{"self":[{"href":"https:\/\/www.drmuratdemirel.com\/de\/wp-json\/wp\/v2\/pages\/2405","targetHints":{"allow":["GET"]}}],"collection":[{"href":"https:\/\/www.drmuratdemirel.com\/de\/wp-json\/wp\/v2\/pages"}],"about":[{"href":"https:\/\/www.drmuratdemirel.com\/de\/wp-json\/wp\/v2\/types\/page"}],"author":[{"embeddable":true,"href":"https:\/\/www.drmuratdemirel.com\/de\/wp-json\/wp\/v2\/users\/1"}],"replies":[{"embeddable":true,"href":"https:\/\/www.drmuratdemirel.com\/de\/wp-json\/wp\/v2\/comments?post=2405"}],"version-history":[{"count":3,"href":"https:\/\/www.drmuratdemirel.com\/de\/wp-json\/wp\/v2\/pages\/2405\/revisions"}],"predecessor-version":[{"id":2432,"href":"https:\/\/www.drmuratdemirel.com\/de\/wp-json\/wp\/v2\/pages\/2405\/revisions\/2432"}],"wp:featuredmedia":[{"embeddable":true,"href":"https:\/\/www.drmuratdemirel.com\/de\/wp-json\/wp\/v2\/media\/2404"}],"wp:attachment":[{"href":"https:\/\/www.drmuratdemirel.com\/de\/wp-json\/wp\/v2\/media?parent=2405"}],"curies":[{"name":"wp","href":"https:\/\/api.w.org\/{rel}","templated":true}]}}