{"id":2402,"date":"2025-06-12T14:47:43","date_gmt":"2025-06-12T11:47:43","guid":{"rendered":"https:\/\/www.drmuratdemirel.com\/?page_id=2402"},"modified":"2026-04-01T12:22:03","modified_gmt":"2026-04-01T09:22:03","slug":"kontakt","status":"publish","type":"page","link":"https:\/\/www.drmuratdemirel.com\/de\/kontakt\/","title":{"rendered":"Kontakt"},"content":{"rendered":"\n\t<section class=\"section\" id=\"section_326686297\">\n\t\t<div class=\"section-bg fill\" >\n\t\t\t\t\t\t\t\t\t\n\t\t\t\n\n\t\t<\/div>\n\n\t\t\n\n\t\t<div class=\"section-content relative\">\n\t\t\t\n  <div id=\"page-header-496806434\" class=\"page-header-wrapper\">\n  <div class=\"page-title dark simple-title\">\n\n    \n    <div class=\"page-title-inner container align-center flex-row medium-flex-wrap\" >\n              <div class=\"title-wrapper flex-col text-left medium-text-center\">\n          <h1 class=\"entry-title mb-0\">\n            Kontakt          <\/h1>\n        <\/div>\n                    <div class=\"title-content flex-col flex-right text-right medium-text-center\">\n        <div class=\"title-breadcrumbs pb-half pt-half\"><\/div>      <\/div>\n    <\/div>\n\n       <\/div>\n    <\/div>\n  \n\t\t<\/div>\n\n\t\t\n<style>\n#section_326686297 {\n  padding-top: 30px;\n  padding-bottom: 30px;\n  background-color: #285ebe;\n}\n<\/style>\n\t<\/section>\n\t\n\n\t<section class=\"section\" id=\"section_1143254021\">\n\t\t<div class=\"section-bg fill\" >\n\t\t\t\t\t\t\t\t\t\n\t\t\t\n\n\t\t<\/div>\n\n\t\t\n\n\t\t<div class=\"section-content relative\">\n\t\t\t\n<div class=\"row\"  id=\"row-659608721\">\n\n\t<div id=\"col-1985030183\" class=\"col small-12 large-12\"  >\n\t\t\t\t<div class=\"col-inner box-shadow-2\" style=\"background-color:rgb(255,255,255);\" >\n\t\t\t\n\t\t\t\n<div class=\"row\"  id=\"row-313116697\">\n\n\t<div id=\"col-1424999271\" class=\"col small-12 large-12\"  >\n\t\t\t\t<div class=\"col-inner\"  >\n\t\t\t\n\t\t\t\n\n<div class=\"wpcf7 no-js\" id=\"wpcf7-f2377-o1\" lang=\"de-DE\" dir=\"ltr\" data-wpcf7-id=\"2377\">\n<div class=\"screen-reader-response\"><p role=\"status\" aria-live=\"polite\" aria-atomic=\"true\"><\/p> <ul><\/ul><\/div>\n<form action=\"\/de\/wp-json\/wp\/v2\/pages\/2402#wpcf7-f2377-o1\" method=\"post\" class=\"wpcf7-form init\" aria-label=\"Kontaktformular\" novalidate=\"novalidate\" data-status=\"init\">\n<fieldset class=\"hidden-fields-container\"><input type=\"hidden\" name=\"_wpcf7\" value=\"2377\" \/><input type=\"hidden\" name=\"_wpcf7_version\" value=\"6.1.5\" \/><input type=\"hidden\" name=\"_wpcf7_locale\" value=\"de_DE\" \/><input type=\"hidden\" name=\"_wpcf7_unit_tag\" value=\"wpcf7-f2377-o1\" \/><input type=\"hidden\" name=\"_wpcf7_container_post\" value=\"0\" \/><input type=\"hidden\" name=\"_wpcf7_posted_data_hash\" value=\"\" \/>\n<\/fieldset>\n<div class=\"sp-form\">\n\t<div class=\"col-row\">\n\t\t<div class=\"col-quarter\">\n\t\t\t<p><span class=\"wpcf7-form-control-wrap\" data-name=\"text-340\"><input size=\"40\" maxlength=\"400\" class=\"wpcf7-form-control wpcf7-text wpcf7-validates-as-required\" autocomplete=\"name\" aria-required=\"true\" aria-invalid=\"false\" placeholder=\"Ihr Name und Nachname\" value=\"\" type=\"text\" name=\"text-340\" \/><\/span>\n\t\t\t<\/p>\n\t\t<\/div>\n\t\t<div class=\"col-quarter\">\n\t\t\t<p><span class=\"wpcf7-form-control-wrap\" data-name=\"tel-10\"><input size=\"40\" maxlength=\"400\" class=\"wpcf7-form-control wpcf7-tel wpcf7-validates-as-required wpcf7-text wpcf7-validates-as-tel\" autocomplete=\"name\" aria-required=\"true\" aria-invalid=\"false\" placeholder=\"Ihre Telefonnummer\" value=\"\" type=\"tel\" name=\"tel-10\" \/><\/span>\n\t\t\t<\/p>\n\t\t<\/div>\n\t\t<div class=\"col-quarter\">\n\t\t\t<p><select name=\"topic\" id=\"topic-select\" required>\n <option value=\"\" disabled selected>Thema, zu dem Sie eine Beratung w\u00fcnschen<\/option>\n <option value=\"Foot \u2013 Ankle Problems\">Fu\u00df- und Kn\u00f6chelprobleme<\/option>\n <option value=\"Adult Knee Problems\">Knieprobleme bei Erwachsenen<\/option>\n <option value=\"Adult Hip Problems\">H\u00fcftprobleme bei Erwachsenen<\/option>\n <option value=\"Hip Joint Problems\">Probleme des H\u00fcftgelenks<\/option>\n <option value=\"Cartilage Damage\">Knorpelsch\u00e4den<\/option>\n <option value=\"Stem Cell Therapy\">Stammzelltherapie<\/option>\n <option value=\"PRP Applications\">PRP-Anwendungen<\/option>\n <option value=\"Sports Injuries\">Sportverletzungen<\/option>\n <\/select>\n\t\t\t<\/p>\n\t\t<\/div>\n\t\t<div class=\"col-quarter\">\n\t\t\t<p><input class=\"wpcf7-form-control wpcf7-submit has-spinner\" type=\"submit\" value=\"SENDEN\" \/>\n\t\t\t<\/p>\n\t\t<\/div>\n\t<\/div>\n<\/div><p style=\"display: none !important;\" class=\"akismet-fields-container\" data-prefix=\"_wpcf7_ak_\"><label>&#916;<textarea name=\"_wpcf7_ak_hp_textarea\" cols=\"45\" rows=\"8\" maxlength=\"100\"><\/textarea><\/label><input type=\"hidden\" id=\"ak_js_1\" name=\"_wpcf7_ak_js\" value=\"78\"\/><script type=\"text\/javascript\">\n\/* <![CDATA[ *\/\ndocument.getElementById( \"ak_js_1\" ).setAttribute( \"value\", ( new Date() ).getTime() );\n\/* ]]> *\/\n<\/script>\n<\/p><div class=\"wpcf7-response-output\" aria-hidden=\"true\"><\/div>\n<\/form>\n<\/div>\n\n<div class=\"is-divider divider clearfix\" style=\"margin-top:-40px;margin-bottom:-40px;max-width:100%;height:1px;background-color:rgb(40, 94, 190);\"><\/div>\n\t\t<\/div>\n\t\t\t\t\n<style>\n#col-1424999271 > .col-inner {\n  padding: 0px 0px 20px 0px;\n  margin: 0px 0px 0px 0px;\n}\n@media (min-width:550px) {\n  #col-1424999271 > .col-inner {\n    margin: 0px 0px 0px 0px;\n  }\n}\n<\/style>\n\t<\/div>\n\n\t\n<\/div>\n<div class=\"row\"  id=\"row-722080360\">\n\n\t<div id=\"col-1143523724\" class=\"col medium-3 small-12 large-3\"  >\n\t\t\t\t<div class=\"col-inner\"  >\n\t\t\t\n\t\t\t\n\n\t\t<div class=\"icon-box featured-box icon-box-left text-left\"  >\n\t\t\t\t\t<div class=\"icon-box-img\" style=\"width: 40px\">\n\t\t\t\t<div class=\"icon\">\n\t\t\t\t\t<div class=\"icon-inner\" >\n\t\t\t\t\t\t<img decoding=\"async\" width=\"400\" height=\"400\" src=\"https:\/\/www.drmuratdemirel.com\/wp-content\/uploads\/2025\/06\/Group-139136-400x400.png\" class=\"attachment-medium size-medium\" alt=\"\" srcset=\"https:\/\/www.drmuratdemirel.com\/wp-content\/uploads\/2025\/06\/Group-139136-400x400.png 400w, https:\/\/www.drmuratdemirel.com\/wp-content\/uploads\/2025\/06\/Group-139136-280x280.png 280w, https:\/\/www.drmuratdemirel.com\/wp-content\/uploads\/2025\/06\/Group-139136.png 500w\" sizes=\"(max-width: 400px) 100vw, 400px\" \/>\t\t\t\t\t<\/div>\n\t\t\t\t<\/div>\n\t\t\t<\/div>\n\t\t\t\t<div class=\"icon-box-text last-reset\">\n\t\t\t\t\t\t\t\t\t\n\t<div id=\"gap-1496538334\" class=\"gap-element clearfix\" style=\"display:block; height:auto;\">\n\t\t\n<style>\n#gap-1496538334 {\n  padding-top: 5px;\n}\n<\/style>\n\t<\/div>\n\t\n\t<div id=\"text-715364918\" class=\"text\">\n\t\t\n<p><span style=\"color: #282828;\"><strong>Adresse:<\/strong><\/span><br \/>\n<strong>\u00c7ankaya\/Ankara<\/strong><\/p>\n\t\t\n<style>\n#text-715364918 {\n  font-size: 0.8rem;\n  color: #285ebe;\n}\n#text-715364918 > * {\n  color: #285ebe;\n}\n<\/style>\n\t<\/div>\n\t\n\t\t<\/div>\n\t<\/div>\n\t\n\t\n\t\t<\/div>\n\t\t\t\t\n<style>\n#col-1143523724 > .col-inner {\n  margin: 0px 0px -20px 0px;\n}\n<\/style>\n\t<\/div>\n\n\t\n\n\t<div id=\"col-205190727\" class=\"col medium-3 small-12 large-3\"  >\n\t\t\t\t<div class=\"col-inner\"  >\n\t\t\t\n\t\t\t\n\n\t<a class=\"plain\" href=\"tel:+90%20530%20415%2018%2095\" >\t<div class=\"icon-box featured-box icon-box-left text-left\"  >\n\t\t\t\t\t<div class=\"icon-box-img\" style=\"width: 40px\">\n\t\t\t\t<div class=\"icon\">\n\t\t\t\t\t<div class=\"icon-inner\" >\n\t\t\t\t\t\t<img decoding=\"async\" width=\"400\" height=\"400\" src=\"https:\/\/www.drmuratdemirel.com\/wp-content\/uploads\/2025\/06\/Group-139135-400x400.png\" class=\"attachment-medium size-medium\" alt=\"\" srcset=\"https:\/\/www.drmuratdemirel.com\/wp-content\/uploads\/2025\/06\/Group-139135-400x400.png 400w, https:\/\/www.drmuratdemirel.com\/wp-content\/uploads\/2025\/06\/Group-139135-280x280.png 280w, https:\/\/www.drmuratdemirel.com\/wp-content\/uploads\/2025\/06\/Group-139135.png 500w\" sizes=\"(max-width: 400px) 100vw, 400px\" \/>\t\t\t\t\t<\/div>\n\t\t\t\t<\/div>\n\t\t\t<\/div>\n\t\t\t\t<div class=\"icon-box-text last-reset\">\n\t\t\t\t\t\t\t\t\t\n\t<div id=\"gap-745948433\" class=\"gap-element clearfix\" style=\"display:block; height:auto;\">\n\t\t\n<style>\n#gap-745948433 {\n  padding-top: 5px;\n}\n<\/style>\n\t<\/div>\n\t\n\t<div id=\"text-2470498961\" class=\"text\">\n\t\t\n<p><strong><span style=\"color: #282828;\">Telefon:<\/span><br \/>\n+90 530 415 18 95<\/strong><\/p>\n\t\t\n<style>\n#text-2470498961 {\n  font-size: 0.8rem;\n  color: #285ebe;\n}\n#text-2470498961 > * {\n  color: #285ebe;\n}\n<\/style>\n\t<\/div>\n\t\n\t\t<\/div>\n\t<\/div>\n\t<\/a>\n\t\n\t\t<\/div>\n\t\t\t\t\n<style>\n#col-205190727 > .col-inner {\n  margin: 0px 0px -20px 0px;\n}\n<\/style>\n\t<\/div>\n\n\t\n\n\t<div id=\"col-1302927403\" class=\"col medium-3 small-12 large-3\"  >\n\t\t\t\t<div class=\"col-inner\"  >\n\t\t\t\n\t\t\t\n\n\t\t<div class=\"icon-box featured-box icon-box-left text-left\"  >\n\t\t\t\t\t<div class=\"icon-box-img\" style=\"width: 40px\">\n\t\t\t\t<div class=\"icon\">\n\t\t\t\t\t<div class=\"icon-inner\" >\n\t\t\t\t\t\t<img decoding=\"async\" width=\"400\" height=\"400\" src=\"https:\/\/www.drmuratdemirel.com\/wp-content\/uploads\/2025\/06\/Group-139134-400x400.png\" class=\"attachment-medium size-medium\" alt=\"\" srcset=\"https:\/\/www.drmuratdemirel.com\/wp-content\/uploads\/2025\/06\/Group-139134-400x400.png 400w, https:\/\/www.drmuratdemirel.com\/wp-content\/uploads\/2025\/06\/Group-139134-280x280.png 280w, https:\/\/www.drmuratdemirel.com\/wp-content\/uploads\/2025\/06\/Group-139134.png 500w\" sizes=\"(max-width: 400px) 100vw, 400px\" \/>\t\t\t\t\t<\/div>\n\t\t\t\t<\/div>\n\t\t\t<\/div>\n\t\t\t\t<div class=\"icon-box-text last-reset\">\n\t\t\t\t\t\t\t\t\t\n\t<div id=\"gap-354561463\" class=\"gap-element clearfix\" style=\"display:block; height:auto;\">\n\t\t\n<style>\n#gap-354561463 {\n  padding-top: 5px;\n}\n<\/style>\n\t<\/div>\n\t\n\t<div id=\"text-2276017319\" class=\"text\">\n\t\t\n<p><span style=\"color: #282828;\"><strong>Arbeitstage<\/strong><\/span><br \/>\n<strong>Mo &#8211; Sa<\/strong><\/p>\n\t\t\n<style>\n#text-2276017319 {\n  font-size: 0.8rem;\n  color: #285ebe;\n}\n#text-2276017319 > * {\n  color: #285ebe;\n}\n<\/style>\n\t<\/div>\n\t\n\t\t<\/div>\n\t<\/div>\n\t\n\t\n\t\t<\/div>\n\t\t\t\t\n<style>\n#col-1302927403 > .col-inner {\n  margin: 0px 0px -20px 0px;\n}\n<\/style>\n\t<\/div>\n\n\t\n\n\t<div id=\"col-1648879642\" class=\"col medium-3 small-12 large-3\"  >\n\t\t\t\t<div class=\"col-inner\"  >\n\t\t\t\n\t\t\t\n\n\t\t<div class=\"icon-box featured-box icon-box-left text-left\"  >\n\t\t\t\t\t<div class=\"icon-box-img\" style=\"width: 40px\">\n\t\t\t\t<div class=\"icon\">\n\t\t\t\t\t<div class=\"icon-inner\" >\n\t\t\t\t\t\t<img decoding=\"async\" width=\"400\" height=\"400\" src=\"https:\/\/www.drmuratdemirel.com\/wp-content\/uploads\/2025\/06\/Group-139133-400x400.png\" class=\"attachment-medium size-medium\" alt=\"\" srcset=\"https:\/\/www.drmuratdemirel.com\/wp-content\/uploads\/2025\/06\/Group-139133-400x400.png 400w, https:\/\/www.drmuratdemirel.com\/wp-content\/uploads\/2025\/06\/Group-139133-280x280.png 280w, https:\/\/www.drmuratdemirel.com\/wp-content\/uploads\/2025\/06\/Group-139133.png 500w\" sizes=\"(max-width: 400px) 100vw, 400px\" \/>\t\t\t\t\t<\/div>\n\t\t\t\t<\/div>\n\t\t\t<\/div>\n\t\t\t\t<div class=\"icon-box-text last-reset\">\n\t\t\t\t\t\t\t\t\t\n\t<div id=\"gap-2026870992\" class=\"gap-element clearfix\" style=\"display:block; height:auto;\">\n\t\t\n<style>\n#gap-2026870992 {\n  padding-top: 5px;\n}\n<\/style>\n\t<\/div>\n\t\n\t<div id=\"text-3731872068\" class=\"text\">\n\t\t\n<p><strong><span style=\"color: #282828;\">Wochentage: <\/span>     14:00 &#8211; 19:00<\/strong><br \/>\n<strong><span style=\"color: #282828;\">Samstag:<\/span> 12:00 &#8211; 14:00<\/strong><\/p>\n\t\t\n<style>\n#text-3731872068 {\n  font-size: 0.8rem;\n  color: #285ebe;\n}\n#text-3731872068 > * {\n  color: #285ebe;\n}\n<\/style>\n\t<\/div>\n\t\n\t\t<\/div>\n\t<\/div>\n\t\n\t\n\t\t<\/div>\n\t\t\t\t\n<style>\n#col-1648879642 > .col-inner {\n  margin: 0px 0px -20px 0px;\n}\n<\/style>\n\t<\/div>\n\n\t\n<\/div>\n\t\t<\/div>\n\t\t\t\t\n<style>\n#col-1985030183 > .col-inner {\n  padding: 30px 30px 1px 30px;\n  border-radius: 20px;\n}\n<\/style>\n\t<\/div>\n\n\t\n<\/div>\n\t\t<\/div>\n\n\t\t\n<style>\n#section_1143254021 {\n  padding-top: 30px;\n  padding-bottom: 30px;\n  margin-bottom: -60px;\n}\n<\/style>\n\t<\/section>\n\t\n\n\t<section class=\"section\" id=\"section_105635620\">\n\t\t<div class=\"section-bg fill\" >\n\t\t\t\t\t\t\t\t\t\n\t\t\t\n\n\t\t<\/div>\n\n\t\t\n\n\t\t<div class=\"section-content relative\">\n\t\t\t\n\n<p><iframe loading=\"lazy\" style=\"border: 0;\" src=\"https:\/\/www.google.com\/maps\/embed?pb=!1m18!1m12!1m3!1d3060.4227993601808!2d32.76196667580093!3d39.909553571525684!2m3!1f0!2f0!3f0!3m2!1i1024!2i768!4f13.1!3m3!1m2!1s0x14d347e547483aad%3A0xa69e927ec7a25caf!2sProf.%20Dr.%20Murat%20Demirel%2C%20Ortopedi%20Ve%20Travmatoloji!5e0!3m2!1str!2str!4v1749737436984!5m2!1str!2str\" width=\"100%\" height=\"450\" allowfullscreen=\"allowfullscreen\"><\/iframe><br \/>\n\n\t\t<\/div>\n\n\t\t\n<style>\n#section_105635620 {\n  padding-top: 30px;\n  padding-bottom: 30px;\n  margin-bottom: -60px;\n}\n<\/style>\n\t<\/section>\n\t\n\n\t<section class=\"section dark\" id=\"section_232900918\">\n\t\t<div class=\"section-bg fill\" >\n\t\t\t\t\t\t\t\t\t\n\t\t\t\n\n\t\t<\/div>\n\n\t\t\n\n\t\t<div class=\"section-content relative\">\n\t\t\t\n<div class=\"row\"  id=\"row-794680307\">\n\n\t<div id=\"col-1703145890\" class=\"col small-12 large-12\"  >\n\t\t\t\t<div class=\"col-inner\"  >\n\t\t\t\n\t\t\t\n\t<div id=\"gap-1168347027\" class=\"gap-element clearfix\" style=\"display:block; height:auto;\">\n\t\t\n<style>\n#gap-1168347027 {\n  padding-top: 10px;\n}\n<\/style>\n\t<\/div>\n\t\n\t\t<\/div>\n\t\t\t\t\t<\/div>\n\n\t\n\n\t<div id=\"col-2099090883\" class=\"col medium-4 small-12 large-4\"  >\n\t\t\t\t<div class=\"col-inner\"  >\n\t\t\t\n\t\t\t\n\n\t\t<div class=\"icon-box featured-box icon-box-left text-left\"  >\n\t\t\t\t\t<div class=\"icon-box-img\" style=\"width: 60px\">\n\t\t\t\t<div class=\"icon\">\n\t\t\t\t\t<div class=\"icon-inner\" >\n\t\t\t\t\t\t<img decoding=\"async\" width=\"100\" height=\"100\" src=\"https:\/\/www.drmuratdemirel.com\/wp-content\/uploads\/2025\/06\/Group-134.png\" class=\"attachment-medium size-medium\" alt=\"\" \/>\t\t\t\t\t<\/div>\n\t\t\t\t<\/div>\n\t\t\t<\/div>\n\t\t\t\t<div class=\"icon-box-text last-reset\">\n\t\t\t\t\t\t\t\t\t\n\t<div id=\"text-3900704826\" class=\"text\">\n\t\t\n<p><strong>Klinikstandort<br \/>\n<\/strong>MUSTAFA KEMAL MAH. 2118. CAD. MA\u0130DAN \u0130\u015e MERKEZ\u0130 NO:4-B\/108, 06510 Ankara<\/p>\n\t\t\n<style>\n#text-3900704826 {\n  font-size: 0.75rem;\n}\n<\/style>\n\t<\/div>\n\t\n\t\t<\/div>\n\t<\/div>\n\t\n\t\n\t\t<\/div>\n\t\t\t\t\t<\/div>\n\n\t\n\n\t<div id=\"col-877581478\" class=\"col medium-4 small-12 large-4\"  >\n\t\t\t\t<div class=\"col-inner\"  >\n\t\t\t\n\t\t\t\n\n\t\t<div class=\"icon-box featured-box icon-box-left text-left\"  >\n\t\t\t\t\t<div class=\"icon-box-img\" style=\"width: 60px\">\n\t\t\t\t<div class=\"icon\">\n\t\t\t\t\t<div class=\"icon-inner\" >\n\t\t\t\t\t\t<img decoding=\"async\" width=\"100\" height=\"100\" src=\"https:\/\/www.drmuratdemirel.com\/wp-content\/uploads\/2025\/06\/Group-135.png\" class=\"attachment-medium size-medium\" alt=\"\" \/>\t\t\t\t\t<\/div>\n\t\t\t\t<\/div>\n\t\t\t<\/div>\n\t\t\t\t<div class=\"icon-box-text last-reset\">\n\t\t\t\t\t\t\t\t\t\n\t<div id=\"text-3754555195\" class=\"text\">\n\t\t\n<p><strong>Kontakt<br \/>\n<\/strong><a href=\"tel:+90 530 415 18 95\">+90 530 415 18 95<\/a><br \/>\n<a href=\"mailto:drmdemirel@gmail.com\">drmdemirel@gmail.com<\/a><\/p>\n\t\t\n<style>\n#text-3754555195 {\n  font-size: 0.75rem;\n}\n<\/style>\n\t<\/div>\n\t\n\t\t<\/div>\n\t<\/div>\n\t\n\t\n\t\t<\/div>\n\t\t\t\t\t<\/div>\n\n\t\n\n\t<div id=\"col-966516902\" class=\"col medium-4 small-12 large-4\"  >\n\t\t\t\t<div class=\"col-inner\"  >\n\t\t\t\n\t\t\t\n\n\t\t<div class=\"icon-box featured-box icon-box-left text-left\"  >\n\t\t\t\t\t<div class=\"icon-box-img\" style=\"width: 60px\">\n\t\t\t\t<div class=\"icon\">\n\t\t\t\t\t<div class=\"icon-inner\" >\n\t\t\t\t\t\t<img decoding=\"async\" width=\"100\" height=\"100\" src=\"https:\/\/www.drmuratdemirel.com\/wp-content\/uploads\/2025\/06\/Group-136.png\" class=\"attachment-medium size-medium\" alt=\"\" \/>\t\t\t\t\t<\/div>\n\t\t\t\t<\/div>\n\t\t\t<\/div>\n\t\t\t\t<div class=\"icon-box-text last-reset\">\n\t\t\t\t\t\t\t\t\t\n\t<div id=\"text-413651595\" class=\"text\">\n\t\t\n<p><strong>Arbeitszeiten<br \/>\n<\/strong>Wochentage   14:00 &#8211; 19:00<br \/>\nSamstag   12:00 &#8211; 14:00<\/p>\n\t\t\n<style>\n#text-413651595 {\n  font-size: 0.75rem;\n}\n<\/style>\n\t<\/div>\n\t\n\t\t<\/div>\n\t<\/div>\n\t\n\t\n\t\t<\/div>\n\t\t\t\t\t<\/div>\n\n\t\n<\/div>\n\t\t<\/div>\n\n\t\t\n<style>\n#section_232900918 {\n  padding-top: 30px;\n  padding-bottom: 30px;\n  background-color: #285ebe;\n}\n<\/style>\n\t<\/section>\n\t\n","protected":false},"excerpt":{"rendered":"","protected":false},"author":1,"featured_media":0,"parent":0,"menu_order":0,"comment_status":"closed","ping_status":"closed","template":"page-blank.php","meta":{"footnotes":""},"class_list":["post-2402","page","type-page","status-publish","hentry"],"_links":{"self":[{"href":"https:\/\/www.drmuratdemirel.com\/de\/wp-json\/wp\/v2\/pages\/2402","targetHints":{"allow":["GET"]}}],"collection":[{"href":"https:\/\/www.drmuratdemirel.com\/de\/wp-json\/wp\/v2\/pages"}],"about":[{"href":"https:\/\/www.drmuratdemirel.com\/de\/wp-json\/wp\/v2\/types\/page"}],"author":[{"embeddable":true,"href":"https:\/\/www.drmuratdemirel.com\/de\/wp-json\/wp\/v2\/users\/1"}],"replies":[{"embeddable":true,"href":"https:\/\/www.drmuratdemirel.com\/de\/wp-json\/wp\/v2\/comments?post=2402"}],"version-history":[{"count":3,"href":"https:\/\/www.drmuratdemirel.com\/de\/wp-json\/wp\/v2\/pages\/2402\/revisions"}],"predecessor-version":[{"id":3446,"href":"https:\/\/www.drmuratdemirel.com\/de\/wp-json\/wp\/v2\/pages\/2402\/revisions\/3446"}],"wp:attachment":[{"href":"https:\/\/www.drmuratdemirel.com\/de\/wp-json\/wp\/v2\/media?parent=2402"}],"curies":[{"name":"wp","href":"https:\/\/api.w.org\/{rel}","templated":true}]}}