{"id":2393,"date":"2025-06-12T14:47:24","date_gmt":"2025-06-12T11:47:24","guid":{"rendered":"https:\/\/www.drmuratdemirel.com\/?page_id=2393"},"modified":"2025-12-03T10:58:40","modified_gmt":"2025-12-03T07:58:40","slug":"ueber-uns","status":"publish","type":"page","link":"https:\/\/www.drmuratdemirel.com\/de\/ueber-uns\/","title":{"rendered":"\u00dcber uns"},"content":{"rendered":"\n\t<section class=\"section\" id=\"section_1936760981\">\n\t\t<div class=\"section-bg fill\" >\n\t\t\t\t\t\t\t\t\t\n\t\t\t\n\n\t\t<\/div>\n\n\t\t\n\n\t\t<div class=\"section-content relative\">\n\t\t\t\n  <div id=\"page-header-215785844\" class=\"page-header-wrapper\">\n  <div class=\"page-title dark simple-title\">\n\n    \n    <div class=\"page-title-inner container align-center flex-row medium-flex-wrap\" >\n              <div class=\"title-wrapper flex-col text-left medium-text-center\">\n          <h1 class=\"entry-title mb-0\">\n            \u00dcber uns          <\/h1>\n        <\/div>\n                    <div class=\"title-content flex-col flex-right text-right medium-text-center\">\n        <div class=\"title-breadcrumbs pb-half pt-half\"><\/div>      <\/div>\n    <\/div>\n\n       <\/div>\n    <\/div>\n  \n\t\t<\/div>\n\n\t\t\n<style>\n#section_1936760981 {\n  padding-top: 30px;\n  padding-bottom: 30px;\n  background-color: #285ebe;\n}\n<\/style>\n\t<\/section>\n\t\n\n\t<section class=\"section\" id=\"section_1052551019\">\n\t\t<div class=\"section-bg fill\" >\n\t\t\t\t\t\t\t\t\t\n\t\t\t\n\n\t\t<\/div>\n\n\t\t\n\n\t\t<div class=\"section-content relative\">\n\t\t\t\n<div class=\"row align-middle\"  id=\"row-1384887353\">\n\n\t<div id=\"col-304183170\" class=\"col medium-6 small-12 large-6\"  >\n\t\t\t\t<div class=\"col-inner\"  >\n\t\t\t\n\t\t\t\n\t<div class=\"img has-hover x md-x lg-x y md-y lg-y\" id=\"image_2117776525\">\n\t\t\t\t\t\t\t\t<div class=\"img-inner dark\" >\n\t\t\t<img decoding=\"async\" width=\"661\" height=\"855\" src=\"https:\/\/www.drmuratdemirel.com\/wp-content\/uploads\/2025\/06\/muratdemirel-hakkimda-1-1.webp\" class=\"attachment-2048x2048 size-2048x2048\" alt=\"\" srcset=\"https:\/\/www.drmuratdemirel.com\/wp-content\/uploads\/2025\/06\/muratdemirel-hakkimda-1-1.webp 661w, https:\/\/www.drmuratdemirel.com\/wp-content\/uploads\/2025\/06\/muratdemirel-hakkimda-1-1-309x400.webp 309w, https:\/\/www.drmuratdemirel.com\/wp-content\/uploads\/2025\/06\/muratdemirel-hakkimda-1-1-618x800.webp 618w\" sizes=\"(max-width: 661px) 100vw, 661px\" \/>\t\t\t\t\t\t\n\t\t\t\t\t<\/div>\n\t\t\t\t\t\t\t\t\n<style>\n#image_2117776525 {\n  width: 100%;\n}\n<\/style>\n\t<\/div>\n\t\n\t\t<\/div>\n\t\t\t\t\n<style>\n#col-304183170 > .col-inner {\n  margin: 0px 0px 60px 0px;\n}\n@media (min-width:550px) {\n  #col-304183170 > .col-inner {\n    margin: 0px 0px 0px 0px;\n  }\n}\n<\/style>\n\t<\/div>\n\n\t\n\n\t<div id=\"col-1581079262\" class=\"col medium-6 small-12 large-6\"  >\n\t\t\t\t<div class=\"col-inner\"  >\n\t\t\t\n\t\t\t\n\t<div id=\"text-4110156905\" class=\"text\">\n\t\t\n<p><span style=\"font-size: 200%;\"><strong>Prof. Dr.<\/strong><\/span><br \/>\n<span style=\"font-size: 250%;\"><strong>Murat Demirel<\/strong><\/span><br \/>\n<span style=\"font-size: 120%;\"><em>Facharzt f\u00fcr Orthop\u00e4die und Traumatologie<\/em><\/span><\/p>\n<p><b>Orthop\u00e4die-Spezialist Prof. Dr. Murat Demirel<\/b><span style=\"font-weight: 400;\"> wurde 1974 in Ankara geboren. Er absolvierte seine Grundschulausbildung an der Ankara Kavakl\u0131dere Grundschule und seine weiterf\u00fchrende Schulbildung an der Ankara Atat\u00fcrk Anatolian High School. Im Jahr 1998 schloss er sein Studium an der <\/span><b>Medizinischen Fakult\u00e4t der Universit\u00e4t Ankara<\/b><span style=\"font-weight: 400;\"> ab und begann im selben Jahr seine Facharztausbildung an der <\/span><b>1. Orthop\u00e4die- und Traumatologieklinik des Ankara Numune Ausbildungs- und Forschungskrankenhauses<\/b><span style=\"font-weight: 400;\">. Im Jahr 2004 schloss er seine Spezialisierung in Orthop\u00e4die und Traumatologie ab und erhielt den Titel Facharzt.<\/span><\/p>\n<p><span style=\"font-weight: 400;\">Nach seiner Facharztausbildung konzentrierte sich Prof. Dr. Murat Demirel auf die chirurgische und konservative Behandlung von Erkrankungen des Bewegungsapparates. Durch die enge Verfolgung der neuesten wissenschaftlichen Entwicklungen in der Orthop\u00e4die integrierte er zahlreiche innovative Behandlungsmethoden in seine Praxis. W\u00e4hrend er sein Promotionsstudium am <\/span><b>Institut f\u00fcr Gesundheitswissenschaften der Universit\u00e4t Ankara<\/b><span style=\"font-weight: 400;\"> fortsetzt, hat er bedeutende akademische Beitr\u00e4ge im Bereich der orthop\u00e4dischen Chirurgie in der T\u00fcrkei geleistet.<\/span><\/p>\n\t\t\n<style>\n#text-4110156905 {\n  color: rgb(0,0,0);\n}\n#text-4110156905 > * {\n  color: rgb(0,0,0);\n}\n<\/style>\n\t<\/div>\n\t\n<a class=\"button primary\"  style=\"border-radius:10px;padding:10px 20px 10px 20px;\">\n\t\t<span>WhatsApp Kontakt<\/span>\n\t<\/a>\n\n\t\t<\/div>\n\t\t\t\t\n<style>\n#col-1581079262 > .col-inner {\n  margin: -50px 0px 0px 0px;\n}\n@media (min-width:550px) {\n  #col-1581079262 > .col-inner {\n    margin: 0px 0px 0px 0px;\n  }\n}\n<\/style>\n\t<\/div>\n\n\t\n\n\t<div id=\"col-1425270910\" class=\"col small-12 large-12\"  >\n\t\t\t\t<div class=\"col-inner\"  >\n\t\t\t\n\t\t\t\n<p><span style=\"font-weight: 400;\">Prof. Dr. Murat Demirel ist auf fortgeschrittene chirurgische Eingriffe an Schulter-, Knie-, H\u00fcft- und Sprunggelenk spezialisiert. Er verf\u00fcgt \u00fcber besondere Erfahrung in der <\/span><b>Schulterarthroskopie, Knieprothesen, robotergest\u00fctzten Chirurgie, Stammzelltherapie und PRP-Anwendungen<\/b><span style=\"font-weight: 400;\"> und bietet seinen Patienten personalisierte, funktionelle und komfortorientierte Behandlungsans\u00e4tze.<\/span><\/p>\n<p><b>Prof. Dr. Murat Demirel bietet seine Dienstleistungen im Bereich Orthop\u00e4die und Traumatologie in seiner eigenen Privatklinik in Ankara an.<\/b><span style=\"font-weight: 400;\"> In seiner Klinik werden Diagnose und Behandlung von Erkrankungen des Bewegungsapparates mit modernen Bildgebungssystemen, zeitgem\u00e4\u00dfer Behandlungsinfrastruktur und einem multidisziplin\u00e4ren Ansatz durchgef\u00fchrt.<\/span><\/p>\n<p><span style=\"font-weight: 400;\">In dem Glauben, dass orthop\u00e4dische Probleme nicht nur durch chirurgische Methoden, sondern auch durch biologische und regenerative Therapien erfolgreich behandelt werden k\u00f6nnen, erstellt Prof. Dr. Demirel Behandlungspl\u00e4ne, die die Lebensqualit\u00e4t der Patienten in den Vordergrund stellen.<\/span><\/p>\n<h2><span style=\"font-weight: 400;\">Fachgebiete<\/span><\/h2>\n<ul>\n<li style=\"font-weight: 400;\" aria-level=\"1\"><span style=\"font-weight: 400;\">Umgekehrte Schulterprothese<\/span><\/li>\n<li style=\"font-weight: 400;\" aria-level=\"1\"><span style=\"font-weight: 400;\">Behandlung von Schulterluxation und SLAP-L\u00e4sionen<\/span><\/li>\n<li style=\"font-weight: 400;\" aria-level=\"1\"><span style=\"font-weight: 400;\">Schulterarthroskopie und Muskelrisschirurgie<\/span><\/li>\n<li style=\"font-weight: 400;\" aria-level=\"1\"><span style=\"font-weight: 400;\">Robotergest\u00fctzte Kniegelenksersatzchirurgie<\/span><\/li>\n<li style=\"font-weight: 400;\" aria-level=\"1\"><span style=\"font-weight: 400;\">Meniskus- und Kreuzbandreparatur<\/span><\/li>\n<li style=\"font-weight: 400;\" aria-level=\"1\"><span style=\"font-weight: 400;\">H\u00fcftprothese und H\u00fcftarthroskopie<\/span><\/li>\n<li style=\"font-weight: 400;\" aria-level=\"1\"><span style=\"font-weight: 400;\">Sprunggelenksarthroskopie und Frakturen<\/span><\/li>\n<li style=\"font-weight: 400;\" aria-level=\"1\"><span style=\"font-weight: 400;\">Stammzell-, PRP-, BMAC-, Exosom- und Hydrogeltherapien<\/span><\/li>\n<\/ul>\n\t\t<\/div>\n\t\t\t\t\t<\/div>\n\n\t\n<\/div>\n\t\t<\/div>\n\n\t\t\n<style>\n#section_1052551019 {\n  padding-top: 30px;\n  padding-bottom: 30px;\n}\n<\/style>\n\t<\/section>\n\t\n","protected":false},"excerpt":{"rendered":"","protected":false},"author":1,"featured_media":0,"parent":0,"menu_order":0,"comment_status":"closed","ping_status":"closed","template":"page-blank.php","meta":{"footnotes":""},"class_list":["post-2393","page","type-page","status-publish","hentry"],"_links":{"self":[{"href":"https:\/\/www.drmuratdemirel.com\/de\/wp-json\/wp\/v2\/pages\/2393","targetHints":{"allow":["GET"]}}],"collection":[{"href":"https:\/\/www.drmuratdemirel.com\/de\/wp-json\/wp\/v2\/pages"}],"about":[{"href":"https:\/\/www.drmuratdemirel.com\/de\/wp-json\/wp\/v2\/types\/page"}],"author":[{"embeddable":true,"href":"https:\/\/www.drmuratdemirel.com\/de\/wp-json\/wp\/v2\/users\/1"}],"replies":[{"embeddable":true,"href":"https:\/\/www.drmuratdemirel.com\/de\/wp-json\/wp\/v2\/comments?post=2393"}],"version-history":[{"count":3,"href":"https:\/\/www.drmuratdemirel.com\/de\/wp-json\/wp\/v2\/pages\/2393\/revisions"}],"predecessor-version":[{"id":2415,"href":"https:\/\/www.drmuratdemirel.com\/de\/wp-json\/wp\/v2\/pages\/2393\/revisions\/2415"}],"wp:attachment":[{"href":"https:\/\/www.drmuratdemirel.com\/de\/wp-json\/wp\/v2\/media?parent=2393"}],"curies":[{"name":"wp","href":"https:\/\/api.w.org\/{rel}","templated":true}]}}